{"id":2250,"date":"2013-10-18T12:35:32","date_gmt":"2013-10-18T10:35:32","guid":{"rendered":"http:\/\/www.dahlgera.lt\/?page_id=2250"},"modified":"2015-04-28T14:25:06","modified_gmt":"2015-04-28T12:25:06","slug":"plastic-duct-system","status":"publish","type":"page","link":"https:\/\/www.dahlgera.lt\/en\/plastic-duct-system\/","title":{"rendered":"Plastic duct system FLX"},"content":{"rendered":"","protected":false},"excerpt":{"rendered":"","protected":false},"author":6,"featured_media":0,"parent":0,"menu_order":5,"comment_status":"open","ping_status":"open","template":"","meta":{"_acf_changed":false,"footnotes":""},"class_list":["post-2250","page","type-page","status-publish","hentry"],"acf":[],"yoast_head":"<!-- This site is optimized with the Yoast SEO plugin v27.3 - https:\/\/yoast.com\/product\/yoast-seo-wordpress\/ -->\n<title>Plastic duct system FLX - Dahlgera<\/title>\n<meta name=\"description\" content=\"UAB &quot;Dahlgera&quot; veikla: didmenin\u0117 - ma\u017emenin\u0117 prekyba santechnine \u012franga: \u0161ildymui, v\u0117dinimui, vandentiekiui, nuotekoms ir vonios kambariui \u012frengti.\" \/>\n<meta name=\"robots\" content=\"index, follow, max-snippet:-1, max-image-preview:large, max-video-preview:-1\" \/>\n<link rel=\"canonical\" href=\"https:\/\/www.dahlgera.lt\/en\/plastic-duct-system\/\" \/>\n<meta property=\"og:locale\" content=\"en_US\" \/>\n<meta property=\"og:type\" content=\"article\" \/>\n<meta property=\"og:title\" content=\"Plastic duct system FLX - Dahlgera\" \/>\n<meta property=\"og:description\" content=\"UAB &quot;Dahlgera&quot; veikla: didmenin\u0117 - ma\u017emenin\u0117 prekyba santechnine \u012franga: \u0161ildymui, v\u0117dinimui, vandentiekiui, nuotekoms ir vonios kambariui \u012frengti.\" \/>\n<meta property=\"og:url\" content=\"https:\/\/www.dahlgera.lt\/en\/plastic-duct-system\/\" \/>\n<meta property=\"og:site_name\" content=\"DAHL \/\/ DAHLGERA, UAB\" \/>\n<meta property=\"article:publisher\" content=\"https:\/\/www.facebook.com\/Dahlgera-UAB-1027784953993289\/?fref=ts\" \/>\n<meta property=\"article:modified_time\" content=\"2015-04-28T12:25:06+00:00\" \/>\n<meta property=\"og:image\" content=\"https:\/\/www.dahlgera.lt\/wp-content\/uploads\/2014\/05\/namukas.png\" \/>\n\t<meta property=\"og:image:width\" content=\"643\" \/>\n\t<meta property=\"og:image:height\" content=\"514\" \/>\n\t<meta property=\"og:image:type\" content=\"image\/png\" \/>\n<meta name=\"twitter:card\" content=\"summary_large_image\" \/>\n<script type=\"application\/ld+json\" class=\"yoast-schema-graph\">{\"@context\":\"https:\\\/\\\/schema.org\",\"@graph\":[{\"@type\":\"WebPage\",\"@id\":\"https:\\\/\\\/www.dahlgera.lt\\\/en\\\/plastic-duct-system\\\/\",\"url\":\"https:\\\/\\\/www.dahlgera.lt\\\/en\\\/plastic-duct-system\\\/\",\"name\":\"Plastic duct system FLX - Dahlgera\",\"isPartOf\":{\"@id\":\"https:\\\/\\\/www.dahlgera.lt\\\/#website\"},\"datePublished\":\"2013-10-18T10:35:32+00:00\",\"dateModified\":\"2015-04-28T12:25:06+00:00\",\"description\":\"UAB \\\"Dahlgera\\\" veikla: didmenin\u0117 - ma\u017emenin\u0117 prekyba santechnine \u012franga: \u0161ildymui, v\u0117dinimui, vandentiekiui, nuotekoms ir vonios kambariui \u012frengti.\",\"breadcrumb\":{\"@id\":\"https:\\\/\\\/www.dahlgera.lt\\\/en\\\/plastic-duct-system\\\/#breadcrumb\"},\"inLanguage\":\"en-US\",\"potentialAction\":[{\"@type\":\"ReadAction\",\"target\":[\"https:\\\/\\\/www.dahlgera.lt\\\/en\\\/plastic-duct-system\\\/\"]}]},{\"@type\":\"BreadcrumbList\",\"@id\":\"https:\\\/\\\/www.dahlgera.lt\\\/en\\\/plastic-duct-system\\\/#breadcrumb\",\"itemListElement\":[{\"@type\":\"ListItem\",\"position\":1,\"name\":\"Home\",\"item\":\"https:\\\/\\\/www.dahlgera.lt\\\/en\\\/\"},{\"@type\":\"ListItem\",\"position\":2,\"name\":\"Plastic duct system FLX\"}]},{\"@type\":\"WebSite\",\"@id\":\"https:\\\/\\\/www.dahlgera.lt\\\/#website\",\"url\":\"https:\\\/\\\/www.dahlgera.lt\\\/\",\"name\":\"DAHL \\\/\\\/ DAHLGERA, UAB\",\"description\":\"Visi santechniniai sprendimai!\",\"potentialAction\":[{\"@type\":\"SearchAction\",\"target\":{\"@type\":\"EntryPoint\",\"urlTemplate\":\"https:\\\/\\\/www.dahlgera.lt\\\/?s={search_term_string}\"},\"query-input\":{\"@type\":\"PropertyValueSpecification\",\"valueRequired\":true,\"valueName\":\"search_term_string\"}}],\"inLanguage\":\"en-US\"}]}<\/script>\n<!-- \/ Yoast SEO plugin. -->","yoast_head_json":{"title":"Plastic duct system FLX - Dahlgera","description":"UAB \"Dahlgera\" veikla: didmenin\u0117 - ma\u017emenin\u0117 prekyba santechnine \u012franga: \u0161ildymui, v\u0117dinimui, vandentiekiui, nuotekoms ir vonios kambariui \u012frengti.","robots":{"index":"index","follow":"follow","max-snippet":"max-snippet:-1","max-image-preview":"max-image-preview:large","max-video-preview":"max-video-preview:-1"},"canonical":"https:\/\/www.dahlgera.lt\/en\/plastic-duct-system\/","og_locale":"en_US","og_type":"article","og_title":"Plastic duct system FLX - Dahlgera","og_description":"UAB \"Dahlgera\" veikla: didmenin\u0117 - ma\u017emenin\u0117 prekyba santechnine \u012franga: \u0161ildymui, v\u0117dinimui, vandentiekiui, nuotekoms ir vonios kambariui \u012frengti.","og_url":"https:\/\/www.dahlgera.lt\/en\/plastic-duct-system\/","og_site_name":"DAHL \/\/ DAHLGERA, UAB","article_publisher":"https:\/\/www.facebook.com\/Dahlgera-UAB-1027784953993289\/?fref=ts","article_modified_time":"2015-04-28T12:25:06+00:00","og_image":[{"width":643,"height":514,"url":"https:\/\/www.dahlgera.lt\/wp-content\/uploads\/2014\/05\/namukas.png","type":"image\/png"}],"twitter_card":"summary_large_image","schema":{"@context":"https:\/\/schema.org","@graph":[{"@type":"WebPage","@id":"https:\/\/www.dahlgera.lt\/en\/plastic-duct-system\/","url":"https:\/\/www.dahlgera.lt\/en\/plastic-duct-system\/","name":"Plastic duct system FLX - Dahlgera","isPartOf":{"@id":"https:\/\/www.dahlgera.lt\/#website"},"datePublished":"2013-10-18T10:35:32+00:00","dateModified":"2015-04-28T12:25:06+00:00","description":"UAB \"Dahlgera\" veikla: didmenin\u0117 - ma\u017emenin\u0117 prekyba santechnine \u012franga: \u0161ildymui, v\u0117dinimui, vandentiekiui, nuotekoms ir vonios kambariui \u012frengti.","breadcrumb":{"@id":"https:\/\/www.dahlgera.lt\/en\/plastic-duct-system\/#breadcrumb"},"inLanguage":"en-US","potentialAction":[{"@type":"ReadAction","target":["https:\/\/www.dahlgera.lt\/en\/plastic-duct-system\/"]}]},{"@type":"BreadcrumbList","@id":"https:\/\/www.dahlgera.lt\/en\/plastic-duct-system\/#breadcrumb","itemListElement":[{"@type":"ListItem","position":1,"name":"Home","item":"https:\/\/www.dahlgera.lt\/en\/"},{"@type":"ListItem","position":2,"name":"Plastic duct system FLX"}]},{"@type":"WebSite","@id":"https:\/\/www.dahlgera.lt\/#website","url":"https:\/\/www.dahlgera.lt\/","name":"DAHL \/\/ DAHLGERA, UAB","description":"Visi santechniniai sprendimai!","potentialAction":[{"@type":"SearchAction","target":{"@type":"EntryPoint","urlTemplate":"https:\/\/www.dahlgera.lt\/?s={search_term_string}"},"query-input":{"@type":"PropertyValueSpecification","valueRequired":true,"valueName":"search_term_string"}}],"inLanguage":"en-US"}]}},"publishpress_future_action":{"enabled":false,"date":"2026-04-12 16:25:42","action":"change-status","newStatus":"draft","terms":[],"taxonomy":"translation_priority","extraData":[]},"publishpress_future_workflow_manual_trigger":{"enabledWorkflows":[]},"_links":{"self":[{"href":"https:\/\/www.dahlgera.lt\/en\/wp-json\/wp\/v2\/pages\/2250","targetHints":{"allow":["GET"]}}],"collection":[{"href":"https:\/\/www.dahlgera.lt\/en\/wp-json\/wp\/v2\/pages"}],"about":[{"href":"https:\/\/www.dahlgera.lt\/en\/wp-json\/wp\/v2\/types\/page"}],"author":[{"embeddable":true,"href":"https:\/\/www.dahlgera.lt\/en\/wp-json\/wp\/v2\/users\/6"}],"replies":[{"embeddable":true,"href":"https:\/\/www.dahlgera.lt\/en\/wp-json\/wp\/v2\/comments?post=2250"}],"version-history":[{"count":2,"href":"https:\/\/www.dahlgera.lt\/en\/wp-json\/wp\/v2\/pages\/2250\/revisions"}],"predecessor-version":[{"id":2270,"href":"https:\/\/www.dahlgera.lt\/en\/wp-json\/wp\/v2\/pages\/2250\/revisions\/2270"}],"wp:attachment":[{"href":"https:\/\/www.dahlgera.lt\/en\/wp-json\/wp\/v2\/media?parent=2250"}],"curies":[{"name":"wp","href":"https:\/\/api.w.org\/{rel}","templated":true}]}}