{"id":431,"date":"2012-02-06T20:56:07","date_gmt":"2012-02-06T20:56:07","guid":{"rendered":"http:\/\/www.dahlgera.lt\/?page_id=431"},"modified":"2014-05-16T22:09:06","modified_gmt":"2014-05-16T20:09:06","slug":"about-us","status":"publish","type":"page","link":"https:\/\/www.dahlgera.lt\/en\/about-us\/","title":{"rendered":"About us"},"content":{"rendered":"<p><a href=\"http:\/\/www.dahlgera.lt\/wp-content\/uploads\/2012\/01\/DAHL-Europe.png\"><img fetchpriority=\"high\" decoding=\"async\" class=\"alignright size-full wp-image-4012\" src=\"http:\/\/www.dahlgera.lt\/wp-content\/uploads\/2012\/01\/DAHL-Europe.png\" alt=\"DAHL-Europe\" width=\"310\" height=\"426\" srcset=\"https:\/\/www.dahlgera.lt\/wp-content\/uploads\/2012\/01\/DAHL-Europe.png 310w, https:\/\/www.dahlgera.lt\/wp-content\/uploads\/2012\/01\/DAHL-Europe-218x300.png 218w, https:\/\/www.dahlgera.lt\/wp-content\/uploads\/2012\/01\/DAHL-Europe-36x50.png 36w\" sizes=\"(max-width: 310px) 100vw, 310px\" \/><\/a>JSC Dahlgera is a subsidiary of concern Dahl (wholesale of plumbing equipment) in Lithuania. DAHL is Saint-Gobain Group trade group in Scandinavia. Currently DAHL group owned companies that operate in Sweden, Norway, Finland, Poland,\u00a0 Denmark, Latvia, Estonia and Lithuania.<\/p>\n<p>JSC\u201eDahlgera\u201c is a specialized trading network, the main business of wholesale \u2013 retail water supply, sewage and drenage pipeline, heating, ventilation and cooling system components. A wide range of products now allows us to complete even the most complex projects.The company\u2018s specialists consult the complete set of systems and design issues.<\/p>\n","protected":false},"excerpt":{"rendered":"<p>JSC Dahlgera is a subsidiary of concern Dahl (wholesale of plumbing equipment) in Lithuania. DAHL is Saint-Gobain Group trade group in Scandinavia. Currently DAHL group owned companies that operate in Sweden, Norway, Finland, Poland,\u00a0 Denmark, <a class=\"read-more\" href=\"https:\/\/www.dahlgera.lt\/en\/about-us\/\">pla\u010diau&#8230;<\/a><\/p>\n","protected":false},"author":2,"featured_media":0,"parent":0,"menu_order":0,"comment_status":"open","ping_status":"open","template":"","meta":{"_acf_changed":false,"footnotes":""},"class_list":["post-431","page","type-page","status-publish","hentry"],"acf":[],"yoast_head":"<!-- This site is optimized with the Yoast SEO plugin v27.6 - https:\/\/yoast.com\/product\/yoast-seo-wordpress\/ -->\n<title>About us - Dahlgera<\/title>\n<meta name=\"description\" content=\"UAB &quot;Dahlgera&quot; veikla: didmenin\u0117 - ma\u017emenin\u0117 prekyba santechnine \u012franga: \u0161ildymui, v\u0117dinimui, vandentiekiui, nuotekoms ir vonios kambariui \u012frengti.\" \/>\n<meta name=\"robots\" content=\"index, follow, max-snippet:-1, max-image-preview:large, max-video-preview:-1\" \/>\n<link rel=\"canonical\" href=\"https:\/\/www.dahlgera.lt\/en\/about-us\/\" \/>\n<meta property=\"og:locale\" content=\"en_US\" \/>\n<meta property=\"og:type\" content=\"article\" \/>\n<meta property=\"og:title\" content=\"About us - Dahlgera\" \/>\n<meta property=\"og:description\" content=\"UAB &quot;Dahlgera&quot; veikla: didmenin\u0117 - ma\u017emenin\u0117 prekyba santechnine \u012franga: \u0161ildymui, v\u0117dinimui, vandentiekiui, nuotekoms ir vonios kambariui \u012frengti.\" \/>\n<meta property=\"og:url\" content=\"https:\/\/www.dahlgera.lt\/en\/about-us\/\" \/>\n<meta property=\"og:site_name\" content=\"DAHL \/\/ DAHLGERA, UAB\" \/>\n<meta property=\"article:publisher\" content=\"https:\/\/www.facebook.com\/Dahlgera-UAB-1027784953993289\/?fref=ts\" \/>\n<meta property=\"article:modified_time\" content=\"2014-05-16T20:09:06+00:00\" \/>\n<meta property=\"og:image\" content=\"http:\/\/www.dahlgera.lt\/wp-content\/uploads\/2012\/01\/DAHL-Europe.png\" \/>\n<meta name=\"twitter:card\" content=\"summary_large_image\" \/>\n<script type=\"application\/ld+json\" class=\"yoast-schema-graph\">{\"@context\":\"https:\\\/\\\/schema.org\",\"@graph\":[{\"@type\":\"WebPage\",\"@id\":\"https:\\\/\\\/www.dahlgera.lt\\\/en\\\/about-us\\\/\",\"url\":\"https:\\\/\\\/www.dahlgera.lt\\\/en\\\/about-us\\\/\",\"name\":\"About us - Dahlgera\",\"isPartOf\":{\"@id\":\"https:\\\/\\\/www.dahlgera.lt\\\/#website\"},\"primaryImageOfPage\":{\"@id\":\"https:\\\/\\\/www.dahlgera.lt\\\/en\\\/about-us\\\/#primaryimage\"},\"image\":{\"@id\":\"https:\\\/\\\/www.dahlgera.lt\\\/en\\\/about-us\\\/#primaryimage\"},\"thumbnailUrl\":\"http:\\\/\\\/www.dahlgera.lt\\\/wp-content\\\/uploads\\\/2012\\\/01\\\/DAHL-Europe.png\",\"datePublished\":\"2012-02-06T20:56:07+00:00\",\"dateModified\":\"2014-05-16T20:09:06+00:00\",\"description\":\"UAB \\\"Dahlgera\\\" veikla: didmenin\u0117 - ma\u017emenin\u0117 prekyba santechnine \u012franga: \u0161ildymui, v\u0117dinimui, vandentiekiui, nuotekoms ir vonios kambariui \u012frengti.\",\"breadcrumb\":{\"@id\":\"https:\\\/\\\/www.dahlgera.lt\\\/en\\\/about-us\\\/#breadcrumb\"},\"inLanguage\":\"en-US\",\"potentialAction\":[{\"@type\":\"ReadAction\",\"target\":[\"https:\\\/\\\/www.dahlgera.lt\\\/en\\\/about-us\\\/\"]}]},{\"@type\":\"ImageObject\",\"inLanguage\":\"en-US\",\"@id\":\"https:\\\/\\\/www.dahlgera.lt\\\/en\\\/about-us\\\/#primaryimage\",\"url\":\"http:\\\/\\\/www.dahlgera.lt\\\/wp-content\\\/uploads\\\/2012\\\/01\\\/DAHL-Europe.png\",\"contentUrl\":\"http:\\\/\\\/www.dahlgera.lt\\\/wp-content\\\/uploads\\\/2012\\\/01\\\/DAHL-Europe.png\"},{\"@type\":\"BreadcrumbList\",\"@id\":\"https:\\\/\\\/www.dahlgera.lt\\\/en\\\/about-us\\\/#breadcrumb\",\"itemListElement\":[{\"@type\":\"ListItem\",\"position\":1,\"name\":\"Home\",\"item\":\"https:\\\/\\\/www.dahlgera.lt\\\/en\\\/\"},{\"@type\":\"ListItem\",\"position\":2,\"name\":\"About us\"}]},{\"@type\":\"WebSite\",\"@id\":\"https:\\\/\\\/www.dahlgera.lt\\\/#website\",\"url\":\"https:\\\/\\\/www.dahlgera.lt\\\/\",\"name\":\"DAHL \\\/\\\/ DAHLGERA, UAB\",\"description\":\"Visi santechniniai sprendimai!\",\"potentialAction\":[{\"@type\":\"SearchAction\",\"target\":{\"@type\":\"EntryPoint\",\"urlTemplate\":\"https:\\\/\\\/www.dahlgera.lt\\\/?s={search_term_string}\"},\"query-input\":{\"@type\":\"PropertyValueSpecification\",\"valueRequired\":true,\"valueName\":\"search_term_string\"}}],\"inLanguage\":\"en-US\"}]}<\/script>\n<!-- \/ Yoast SEO plugin. -->","yoast_head_json":{"title":"About us - Dahlgera","description":"UAB \"Dahlgera\" veikla: didmenin\u0117 - ma\u017emenin\u0117 prekyba santechnine \u012franga: \u0161ildymui, v\u0117dinimui, vandentiekiui, nuotekoms ir vonios kambariui \u012frengti.","robots":{"index":"index","follow":"follow","max-snippet":"max-snippet:-1","max-image-preview":"max-image-preview:large","max-video-preview":"max-video-preview:-1"},"canonical":"https:\/\/www.dahlgera.lt\/en\/about-us\/","og_locale":"en_US","og_type":"article","og_title":"About us - Dahlgera","og_description":"UAB \"Dahlgera\" veikla: didmenin\u0117 - ma\u017emenin\u0117 prekyba santechnine \u012franga: \u0161ildymui, v\u0117dinimui, vandentiekiui, nuotekoms ir vonios kambariui \u012frengti.","og_url":"https:\/\/www.dahlgera.lt\/en\/about-us\/","og_site_name":"DAHL \/\/ DAHLGERA, UAB","article_publisher":"https:\/\/www.facebook.com\/Dahlgera-UAB-1027784953993289\/?fref=ts","article_modified_time":"2014-05-16T20:09:06+00:00","og_image":[{"url":"http:\/\/www.dahlgera.lt\/wp-content\/uploads\/2012\/01\/DAHL-Europe.png","type":"","width":"","height":""}],"twitter_card":"summary_large_image","schema":{"@context":"https:\/\/schema.org","@graph":[{"@type":"WebPage","@id":"https:\/\/www.dahlgera.lt\/en\/about-us\/","url":"https:\/\/www.dahlgera.lt\/en\/about-us\/","name":"About us - Dahlgera","isPartOf":{"@id":"https:\/\/www.dahlgera.lt\/#website"},"primaryImageOfPage":{"@id":"https:\/\/www.dahlgera.lt\/en\/about-us\/#primaryimage"},"image":{"@id":"https:\/\/www.dahlgera.lt\/en\/about-us\/#primaryimage"},"thumbnailUrl":"http:\/\/www.dahlgera.lt\/wp-content\/uploads\/2012\/01\/DAHL-Europe.png","datePublished":"2012-02-06T20:56:07+00:00","dateModified":"2014-05-16T20:09:06+00:00","description":"UAB \"Dahlgera\" veikla: didmenin\u0117 - ma\u017emenin\u0117 prekyba santechnine \u012franga: \u0161ildymui, v\u0117dinimui, vandentiekiui, nuotekoms ir vonios kambariui \u012frengti.","breadcrumb":{"@id":"https:\/\/www.dahlgera.lt\/en\/about-us\/#breadcrumb"},"inLanguage":"en-US","potentialAction":[{"@type":"ReadAction","target":["https:\/\/www.dahlgera.lt\/en\/about-us\/"]}]},{"@type":"ImageObject","inLanguage":"en-US","@id":"https:\/\/www.dahlgera.lt\/en\/about-us\/#primaryimage","url":"http:\/\/www.dahlgera.lt\/wp-content\/uploads\/2012\/01\/DAHL-Europe.png","contentUrl":"http:\/\/www.dahlgera.lt\/wp-content\/uploads\/2012\/01\/DAHL-Europe.png"},{"@type":"BreadcrumbList","@id":"https:\/\/www.dahlgera.lt\/en\/about-us\/#breadcrumb","itemListElement":[{"@type":"ListItem","position":1,"name":"Home","item":"https:\/\/www.dahlgera.lt\/en\/"},{"@type":"ListItem","position":2,"name":"About us"}]},{"@type":"WebSite","@id":"https:\/\/www.dahlgera.lt\/#website","url":"https:\/\/www.dahlgera.lt\/","name":"DAHL \/\/ DAHLGERA, UAB","description":"Visi santechniniai sprendimai!","potentialAction":[{"@type":"SearchAction","target":{"@type":"EntryPoint","urlTemplate":"https:\/\/www.dahlgera.lt\/?s={search_term_string}"},"query-input":{"@type":"PropertyValueSpecification","valueRequired":true,"valueName":"search_term_string"}}],"inLanguage":"en-US"}]}},"publishpress_future_action":{"enabled":false,"date":"2026-05-24 03:49:13","action":"change-status","newStatus":"draft","terms":[],"taxonomy":"translation_priority","extraData":[]},"publishpress_future_workflow_manual_trigger":{"enabledWorkflows":[]},"_links":{"self":[{"href":"https:\/\/www.dahlgera.lt\/en\/wp-json\/wp\/v2\/pages\/431","targetHints":{"allow":["GET"]}}],"collection":[{"href":"https:\/\/www.dahlgera.lt\/en\/wp-json\/wp\/v2\/pages"}],"about":[{"href":"https:\/\/www.dahlgera.lt\/en\/wp-json\/wp\/v2\/types\/page"}],"author":[{"embeddable":true,"href":"https:\/\/www.dahlgera.lt\/en\/wp-json\/wp\/v2\/users\/2"}],"replies":[{"embeddable":true,"href":"https:\/\/www.dahlgera.lt\/en\/wp-json\/wp\/v2\/comments?post=431"}],"version-history":[{"count":9,"href":"https:\/\/www.dahlgera.lt\/en\/wp-json\/wp\/v2\/pages\/431\/revisions"}],"predecessor-version":[{"id":4440,"href":"https:\/\/www.dahlgera.lt\/en\/wp-json\/wp\/v2\/pages\/431\/revisions\/4440"}],"wp:attachment":[{"href":"https:\/\/www.dahlgera.lt\/en\/wp-json\/wp\/v2\/media?parent=431"}],"curies":[{"name":"wp","href":"https:\/\/api.w.org\/{rel}","templated":true}]}}