{"id":435,"date":"2012-02-06T21:02:49","date_gmt":"2012-02-06T21:02:49","guid":{"rendered":"http:\/\/www.dahlgera.lt\/?page_id=435"},"modified":"2014-05-16T22:08:10","modified_gmt":"2014-05-16T20:08:10","slug":"sale-out","status":"publish","type":"page","link":"https:\/\/www.dahlgera.lt\/en\/sale-out\/","title":{"rendered":"Sale"},"content":{"rendered":"<p><a href=\"http:\/\/www.dahlgera.lt\/wp-content\/uploads\/2013\/11\/Biasi.jpg\"><img fetchpriority=\"high\" decoding=\"async\" class=\"size-full wp-image-2305 alignleft\" src=\"http:\/\/www.dahlgera.lt\/wp-content\/uploads\/2013\/11\/Biasi.jpg\" alt=\"Biasi\" width=\"896\" height=\"1207\" srcset=\"https:\/\/www.dahlgera.lt\/wp-content\/uploads\/2013\/11\/Biasi.jpg 896w, https:\/\/www.dahlgera.lt\/wp-content\/uploads\/2013\/11\/Biasi-768x1034.jpg 768w\" sizes=\"(max-width: 896px) 100vw, 896px\" \/><\/a><\/p>\n","protected":false},"excerpt":{"rendered":"","protected":false},"author":2,"featured_media":0,"parent":0,"menu_order":6,"comment_status":"open","ping_status":"open","template":"ispardavimai-template.php","meta":{"_acf_changed":false,"footnotes":""},"class_list":["post-435","page","type-page","status-publish","hentry"],"acf":[],"yoast_head":"<!-- This site is optimized with the Yoast SEO plugin v27.5 - https:\/\/yoast.com\/product\/yoast-seo-wordpress\/ -->\n<title>Sale - Dahlgera<\/title>\n<meta name=\"description\" content=\"UAB &quot;Dahlgera&quot; veikla: didmenin\u0117 - ma\u017emenin\u0117 prekyba santechnine \u012franga: \u0161ildymui, v\u0117dinimui, vandentiekiui, nuotekoms ir vonios kambariui \u012frengti.\" \/>\n<meta name=\"robots\" content=\"index, follow, max-snippet:-1, max-image-preview:large, max-video-preview:-1\" \/>\n<link rel=\"canonical\" href=\"https:\/\/www.dahlgera.lt\/en\/sale-out\/\" \/>\n<meta property=\"og:locale\" content=\"en_US\" \/>\n<meta property=\"og:type\" content=\"article\" \/>\n<meta property=\"og:title\" content=\"Sale - Dahlgera\" \/>\n<meta property=\"og:description\" content=\"UAB &quot;Dahlgera&quot; veikla: didmenin\u0117 - ma\u017emenin\u0117 prekyba santechnine \u012franga: \u0161ildymui, v\u0117dinimui, vandentiekiui, nuotekoms ir vonios kambariui \u012frengti.\" \/>\n<meta property=\"og:url\" content=\"https:\/\/www.dahlgera.lt\/en\/sale-out\/\" \/>\n<meta property=\"og:site_name\" content=\"DAHL \/\/ DAHLGERA, UAB\" \/>\n<meta property=\"article:publisher\" content=\"https:\/\/www.facebook.com\/Dahlgera-UAB-1027784953993289\/?fref=ts\" \/>\n<meta property=\"article:modified_time\" content=\"2014-05-16T20:08:10+00:00\" \/>\n<meta property=\"og:image\" content=\"http:\/\/www.dahlgera.lt\/wp-content\/uploads\/2013\/11\/Biasi.jpg\" \/>\n<meta name=\"twitter:card\" content=\"summary_large_image\" \/>\n<script type=\"application\/ld+json\" class=\"yoast-schema-graph\">{\"@context\":\"https:\\\/\\\/schema.org\",\"@graph\":[{\"@type\":\"WebPage\",\"@id\":\"https:\\\/\\\/www.dahlgera.lt\\\/en\\\/sale-out\\\/\",\"url\":\"https:\\\/\\\/www.dahlgera.lt\\\/en\\\/sale-out\\\/\",\"name\":\"Sale - Dahlgera\",\"isPartOf\":{\"@id\":\"https:\\\/\\\/www.dahlgera.lt\\\/#website\"},\"primaryImageOfPage\":{\"@id\":\"https:\\\/\\\/www.dahlgera.lt\\\/en\\\/sale-out\\\/#primaryimage\"},\"image\":{\"@id\":\"https:\\\/\\\/www.dahlgera.lt\\\/en\\\/sale-out\\\/#primaryimage\"},\"thumbnailUrl\":\"http:\\\/\\\/www.dahlgera.lt\\\/wp-content\\\/uploads\\\/2013\\\/11\\\/Biasi.jpg\",\"datePublished\":\"2012-02-06T21:02:49+00:00\",\"dateModified\":\"2014-05-16T20:08:10+00:00\",\"description\":\"UAB \\\"Dahlgera\\\" veikla: didmenin\u0117 - ma\u017emenin\u0117 prekyba santechnine \u012franga: \u0161ildymui, v\u0117dinimui, vandentiekiui, nuotekoms ir vonios kambariui \u012frengti.\",\"breadcrumb\":{\"@id\":\"https:\\\/\\\/www.dahlgera.lt\\\/en\\\/sale-out\\\/#breadcrumb\"},\"inLanguage\":\"en-US\",\"potentialAction\":[{\"@type\":\"ReadAction\",\"target\":[\"https:\\\/\\\/www.dahlgera.lt\\\/en\\\/sale-out\\\/\"]}]},{\"@type\":\"ImageObject\",\"inLanguage\":\"en-US\",\"@id\":\"https:\\\/\\\/www.dahlgera.lt\\\/en\\\/sale-out\\\/#primaryimage\",\"url\":\"http:\\\/\\\/www.dahlgera.lt\\\/wp-content\\\/uploads\\\/2013\\\/11\\\/Biasi.jpg\",\"contentUrl\":\"http:\\\/\\\/www.dahlgera.lt\\\/wp-content\\\/uploads\\\/2013\\\/11\\\/Biasi.jpg\"},{\"@type\":\"BreadcrumbList\",\"@id\":\"https:\\\/\\\/www.dahlgera.lt\\\/en\\\/sale-out\\\/#breadcrumb\",\"itemListElement\":[{\"@type\":\"ListItem\",\"position\":1,\"name\":\"Home\",\"item\":\"https:\\\/\\\/www.dahlgera.lt\\\/en\\\/\"},{\"@type\":\"ListItem\",\"position\":2,\"name\":\"Sale\"}]},{\"@type\":\"WebSite\",\"@id\":\"https:\\\/\\\/www.dahlgera.lt\\\/#website\",\"url\":\"https:\\\/\\\/www.dahlgera.lt\\\/\",\"name\":\"DAHL \\\/\\\/ DAHLGERA, UAB\",\"description\":\"Visi santechniniai sprendimai!\",\"potentialAction\":[{\"@type\":\"SearchAction\",\"target\":{\"@type\":\"EntryPoint\",\"urlTemplate\":\"https:\\\/\\\/www.dahlgera.lt\\\/?s={search_term_string}\"},\"query-input\":{\"@type\":\"PropertyValueSpecification\",\"valueRequired\":true,\"valueName\":\"search_term_string\"}}],\"inLanguage\":\"en-US\"}]}<\/script>\n<!-- \/ Yoast SEO plugin. -->","yoast_head_json":{"title":"Sale - Dahlgera","description":"UAB \"Dahlgera\" veikla: didmenin\u0117 - ma\u017emenin\u0117 prekyba santechnine \u012franga: \u0161ildymui, v\u0117dinimui, vandentiekiui, nuotekoms ir vonios kambariui \u012frengti.","robots":{"index":"index","follow":"follow","max-snippet":"max-snippet:-1","max-image-preview":"max-image-preview:large","max-video-preview":"max-video-preview:-1"},"canonical":"https:\/\/www.dahlgera.lt\/en\/sale-out\/","og_locale":"en_US","og_type":"article","og_title":"Sale - Dahlgera","og_description":"UAB \"Dahlgera\" veikla: didmenin\u0117 - ma\u017emenin\u0117 prekyba santechnine \u012franga: \u0161ildymui, v\u0117dinimui, vandentiekiui, nuotekoms ir vonios kambariui \u012frengti.","og_url":"https:\/\/www.dahlgera.lt\/en\/sale-out\/","og_site_name":"DAHL \/\/ DAHLGERA, UAB","article_publisher":"https:\/\/www.facebook.com\/Dahlgera-UAB-1027784953993289\/?fref=ts","article_modified_time":"2014-05-16T20:08:10+00:00","og_image":[{"url":"http:\/\/www.dahlgera.lt\/wp-content\/uploads\/2013\/11\/Biasi.jpg","type":"","width":"","height":""}],"twitter_card":"summary_large_image","schema":{"@context":"https:\/\/schema.org","@graph":[{"@type":"WebPage","@id":"https:\/\/www.dahlgera.lt\/en\/sale-out\/","url":"https:\/\/www.dahlgera.lt\/en\/sale-out\/","name":"Sale - Dahlgera","isPartOf":{"@id":"https:\/\/www.dahlgera.lt\/#website"},"primaryImageOfPage":{"@id":"https:\/\/www.dahlgera.lt\/en\/sale-out\/#primaryimage"},"image":{"@id":"https:\/\/www.dahlgera.lt\/en\/sale-out\/#primaryimage"},"thumbnailUrl":"http:\/\/www.dahlgera.lt\/wp-content\/uploads\/2013\/11\/Biasi.jpg","datePublished":"2012-02-06T21:02:49+00:00","dateModified":"2014-05-16T20:08:10+00:00","description":"UAB \"Dahlgera\" veikla: didmenin\u0117 - ma\u017emenin\u0117 prekyba santechnine \u012franga: \u0161ildymui, v\u0117dinimui, vandentiekiui, nuotekoms ir vonios kambariui \u012frengti.","breadcrumb":{"@id":"https:\/\/www.dahlgera.lt\/en\/sale-out\/#breadcrumb"},"inLanguage":"en-US","potentialAction":[{"@type":"ReadAction","target":["https:\/\/www.dahlgera.lt\/en\/sale-out\/"]}]},{"@type":"ImageObject","inLanguage":"en-US","@id":"https:\/\/www.dahlgera.lt\/en\/sale-out\/#primaryimage","url":"http:\/\/www.dahlgera.lt\/wp-content\/uploads\/2013\/11\/Biasi.jpg","contentUrl":"http:\/\/www.dahlgera.lt\/wp-content\/uploads\/2013\/11\/Biasi.jpg"},{"@type":"BreadcrumbList","@id":"https:\/\/www.dahlgera.lt\/en\/sale-out\/#breadcrumb","itemListElement":[{"@type":"ListItem","position":1,"name":"Home","item":"https:\/\/www.dahlgera.lt\/en\/"},{"@type":"ListItem","position":2,"name":"Sale"}]},{"@type":"WebSite","@id":"https:\/\/www.dahlgera.lt\/#website","url":"https:\/\/www.dahlgera.lt\/","name":"DAHL \/\/ DAHLGERA, UAB","description":"Visi santechniniai sprendimai!","potentialAction":[{"@type":"SearchAction","target":{"@type":"EntryPoint","urlTemplate":"https:\/\/www.dahlgera.lt\/?s={search_term_string}"},"query-input":{"@type":"PropertyValueSpecification","valueRequired":true,"valueName":"search_term_string"}}],"inLanguage":"en-US"}]}},"publishpress_future_action":{"enabled":false,"date":"2026-05-07 05:52:29","action":"change-status","newStatus":"draft","terms":[],"taxonomy":"translation_priority","extraData":[]},"publishpress_future_workflow_manual_trigger":{"enabledWorkflows":[]},"_links":{"self":[{"href":"https:\/\/www.dahlgera.lt\/en\/wp-json\/wp\/v2\/pages\/435","targetHints":{"allow":["GET"]}}],"collection":[{"href":"https:\/\/www.dahlgera.lt\/en\/wp-json\/wp\/v2\/pages"}],"about":[{"href":"https:\/\/www.dahlgera.lt\/en\/wp-json\/wp\/v2\/types\/page"}],"author":[{"embeddable":true,"href":"https:\/\/www.dahlgera.lt\/en\/wp-json\/wp\/v2\/users\/2"}],"replies":[{"embeddable":true,"href":"https:\/\/www.dahlgera.lt\/en\/wp-json\/wp\/v2\/comments?post=435"}],"version-history":[{"count":5,"href":"https:\/\/www.dahlgera.lt\/en\/wp-json\/wp\/v2\/pages\/435\/revisions"}],"predecessor-version":[{"id":4437,"href":"https:\/\/www.dahlgera.lt\/en\/wp-json\/wp\/v2\/pages\/435\/revisions\/4437"}],"wp:attachment":[{"href":"https:\/\/www.dahlgera.lt\/en\/wp-json\/wp\/v2\/media?parent=435"}],"curies":[{"name":"wp","href":"https:\/\/api.w.org\/{rel}","templated":true}]}}