{"id":7226,"date":"2018-05-21T11:53:09","date_gmt":"2018-05-21T09:53:09","guid":{"rendered":"http:\/\/www.dahlgera.lt\/en\/?page_id=7226"},"modified":"2018-05-23T13:12:52","modified_gmt":"2018-05-23T11:12:52","slug":"privacy-policy","status":"publish","type":"page","link":"https:\/\/www.dahlgera.lt\/en\/privacy-policy\/","title":{"rendered":"Privacy policy"},"content":{"rendered":"<p><strong>I. Bendrosios nuostatos<\/strong><\/p>\n<p>1. \u0160i privatumo politika reglamentuoja UAB \u201eDAHLGERA\u201d elektronin\u0117s parduotuv\u0117s (toliau \u2013 DAHLGERA) ir \u00a0DAHLGERA kliento (toliau \u2013 J\u016bs, J\u016bs\u0173) pagrindinius asmens duomen\u0173 rinkimo, tvarkymo ir saugojimo principus bei tvark\u0105.<\/p>\n<p>2. J\u016bs\u0173 asmens duomen\u0173 rinkim\u0105, tvarkym\u0105 ir saugojim\u0105 nustato \u0161i privatumo politika, Lietuvos Respublikos Asmens duomen\u0173 teisin\u0117s apsaugos \u012fstatymas ir kiti teis\u0117s aktai.<\/p>\n<p>3. El. parduotuv\u0117je nurodydami savo asmens duomenis, sutinkate, kad DAHLGERA juos valdys ir tvarkys \u0161ioje privatumo politikoje bei teis\u0117s aktuose numatytais tikslais, priemon\u0117mis ir tvarka.<\/p>\n<p>4. DAHLGERA vadovaujasi \u0161iais pagrindiniais asmens duomen\u0173 tvarkymo principais:<\/p>\n<p>4.1. Asmens duomenys renkami apibr\u0117\u017etais ir teis\u0117tais tikslais.<\/p>\n<p>4.2. Asmens duomenys tvarkomi tiksliai ir s\u0105\u017einingai.<\/p>\n<p>4.3. Asmens duomenys tvarkomi teis\u0117tai, t. y. tik tais atvejais, kai:<\/p>\n<p>4.3.1. duomen\u0173 subjektas duoda sutikim\u0105, t. y. sutinka laikytis naudojimosi elektronine parduotuve taisykli\u0173;<\/p>\n<p>4.3.2. sudaroma arba vykdoma sutartis, kai viena i\u0161 \u0161ali\u0173 yra duomen\u0173 subjektas;<\/p>\n<p>4.3.3. DAHLGERA yra \u012fpareigotas tvarkyti asmens duomenis pagal \u012fstatymus;<\/p>\n<p>4.3.4. asmens duomenis reikia tvarkyti d\u0117l teis\u0117to intereso, kurio siekia DAHLGERA arba tre\u010diasis asmuo, kuriam teikiami asmens duomenys, ir jei duomen\u0173 subjekto interesai n\u0117ra svarbesni.<\/p>\n<p>4.4. Asmens duomenys nuolat atnaujinami.<\/p>\n<p>4.5. Asmens duomenys saugojami ne ilgiau, nei to reikalauja nustatyti duomen\u0173 tvarkymo tikslai.<\/p>\n<p>4.6. Asmens duomenis tvarko tik tie darbuotojai, kuriems suteikta tokia teis\u0117.<\/p>\n<p>4.7. Visa informacija apie tvarkomus asmens duomenis yra konfidenciali.<\/p>\n<p>4.8. Apie asmens duomen\u0173 tvarkym\u0105 nustatyta tvarka prane\u0161ama Valstybinei duomen\u0173 apsaugos inspekcijai.<\/p>\n<p>5. Naudotis el. parduotuv\u0117s paslaugomis gali:<\/p>\n<p>5.1. visi veiksn\u016bs fiziniai asmenys, ne jaunesni kaip 18 met\u0173 am\u017eiaus;<\/p>\n<p>5.2. nepilname\u010diai nuo keturiolikos iki a\u0161tuoniolikos met\u0173 am\u017eiaus tik tur\u0117dami t\u0117v\u0173, \u012ft\u0117vi\u0173 arba r\u016bpintoj\u0173 sutikim\u0105, i\u0161skyrus tuos atvejus, kai savaranki\u0161kai disponuojama savo u\u017edarbiu ar stipendija;<\/p>\n<p>5.3. juridiniai asmenys;<\/p>\n<p>5.4. vis\u0173 auk\u0161\u010diau nurodyt\u0173 asmen\u0173 \u012fgalioti atstovai.<\/p>\n<p>6. Informuojame, jog tam, kad gal\u0117tume pasi\u016blyti Jums visavertes paslaugas m\u016bs\u0173 svetain\u0117je, J\u016bs\u0173 kompiuteryje (\u012frenginyje) \u012fra\u0161ome informacij\u0105 (slapukus, angl. &#8220;cookies&#8221;). \u012era\u0161yt\u0105 informacij\u0105 naudosime atpa\u017eindami Jus, kaip ankstesn\u012f svetain\u0117s naudotoj\u0105, rinkdami svetain\u0117s lankomumo statistik\u0105. J\u016bs bet kada galite per\u017ei\u016br\u0117ti, koki\u0105 informacij\u0105 (slapukus) \u012fra\u0161ome, ir galite i\u0161trinti dal\u012f ar visus \u012fra\u0161ytus slapukus. Taip pat turite teis\u0119 nesutikti, kad b\u016bt\u0173 \u012fra\u0161oma ir naudojama informacija (slapukai) J\u016bs\u0173 kompiuteryje (\u012frenginyje), ta\u010diau tokiu atveju kai kurios svetain\u0117s funkcijos Jums gali b\u016bti neprieinamos. Preziumuojame, jog naudodamasis el. parduotuve sutinkame su tuo, kad J\u016bs\u0173 kompiuteryje (\u012frenginyje) b\u016bt\u0173 \u012fra\u0161oma informacija. Savo duot\u0105 sutikim\u0105 bet kada gal\u0117site at\u0161aukti, pakeisdami savo interneto nar\u0161ykl\u0117s nustatymus, ar kreipdamiesi \u012f mus bet kuriais svetain\u0117je skelbiamais kontaktais.<\/p>\n<p><strong>II. Asmens duomen\u0173 rinkimas, tvarkymas, saugojimas<\/strong><\/p>\n<p>7. DAHLGERA gerbia kiekvieno J\u016bs\u0173 teis\u0119 \u012f privatum\u0105. J\u016bs\u0173 asmens duomenys (vardas, pavard\u0117, am\u017eiaus grup\u0117, \u00a0adresas, telefono numeris, elektroninio pa\u0161to adresas ir kita el. parduotuv\u0117s registracijos formoje nurodyta informacija) renkami ir tvarkomi \u0161iems tikslams:<\/p>\n<p>7.1. apdoroti J\u016bs\u0173 preki\u0173 u\u017esakymus;<\/p>\n<p>7.2. i\u0161ra\u0161yti finansinius dokumentus (pvz., s\u0105skaitas fakt\u016bras);<\/p>\n<p>7.3. spr\u0119sti problemas, susijusias su preki\u0173 pateikimu ar pristatymu;<\/p>\n<p>7.4. vykdyti kitus sutartinius \u012fsipareigojimus;<\/p>\n<p>7.5. tiesiogin\u0117s rinkodaros tikslais.<\/p>\n<p>8. Registracijos el. parduotuv\u0117je metu J\u016bs privalote pateikti i\u0161samius ir teisingus asmens duomenis.<\/p>\n<p>9. Tvarkydamas ir saugodamas J\u016bs\u0173 asmens duomenis DAHLGERA \u012fgyvendina organizacines ir technines priemones, kurios u\u017etikrina asmens duomenims apsaug\u0105 nuo atsitiktinio ar neteis\u0117to sunaikinimo, pakeitimo, atskleidimo, taip pat nuo bet kokio kito neteis\u0117to tvarkymo.<\/p>\n<p>10 DAHLGERA gali statistiniais tikslais naudoti su J\u016bs\u0173 asmeniu tiesiogiai nesusijusius duomenis, t. y. duomenis apie \u012fsigytas prekes. Tokie statistiniai duomenys bus renkami ir tvarkomi taip, kad neleist\u0173 atskleisti Kliento asmens tapatyb\u0117s arba kit\u0173 asmens duomen\u0173, pagal kuriuos b\u016bt\u0173 galima nustatyti asmens tapatyb\u0119.<\/p>\n<p><strong>III. Asmens duomen\u0173 perdavimas tre\u010diosioms \u0161alims<\/strong><\/p>\n<p>11. DAHLGERA pasilieka teis\u0119 perduoti informacij\u0105 tre\u010diosioms \u0161alims:<\/p>\n<p>11.1. tik \u0161io dokumento 5 punkte minimiems tikslams \u012fgyvendinti;<\/p>\n<p>11.2. tik Lietuvos Respublikos \u012fstatym\u0173 nustatyta tvarka.<\/p>\n<p>11.3. J\u016bs\u0173 duomenys gali b\u016bti perduodami tre\u010diosioms \u0161alims, kurias UAB Dahlgera pasitelkia j\u016bs\u0173 u\u017esakymo \u012fvykdymui, kaip kad siunt\u0173 ar kurjerio tarnyb\u0105;<\/p>\n<p style=\"font-weight: 400;\">11.4. U\u017e elektronin\u0117je parduotuv\u0117je \u012fsigytas prekes J\u016bs mokate J\u016bs\u0173 banko internetin\u0117s bankininkyst\u0117s ar lizingo bendrov\u0117s sistemoje ir tuomet saugum\u0105 u\u017etikrina \u0161i\u0173 kompanij\u0173 serveriai, kuriuose vedate \u012f sistem\u0105 slapta\u017eod\u017eius ir kit\u0105 informacij\u0105, kuri yra \u017einoma tik Jums ar ka\u017ek\u0105 tokio pana\u0161aus.<\/p>\n<p><strong>IV. Asmens duomen\u0173 pakeitimas ar atnaujinimas<\/strong><\/p>\n<p>12. J\u016bs turite teis\u0119 bet kada keisti ir\/ar atnaujinti registracijos formoje pateikt\u0105 informacij\u0105.<\/p>\n<p><strong>V. Informacijos ar pretenzij\u0173 perdavimas<\/strong><\/p>\n<p>13. J\u016bs, leid\u0119s tvarkyti savo asmens duomenis, turite teis\u0119:<\/p>\n<p>13.1. reikalauti i\u0161taisyti, sunaikinti savo asmens duomenis arba sustabdyti, i\u0161skyrus saugojim\u0105, savo asmens duomen\u0173 tvarkymo veiksmus, kai duomenys tvarkomi nesilaikant \u0161io ir kit\u0173 \u012fstatym\u0173 nuostat\u0173;<\/p>\n<p>13.2. nesutikti, kad b\u016bt\u0173 tvarkomi jo asmens duomenys.<\/p>\n<p>14. DAHLGERA, gav\u0119s J\u016bs\u0173 pra\u0161ym\u0105 d\u0117l asmens duomen\u0173 tvarkymo, ne v\u0117liau kaip per 30 kalendorini\u0173 dien\u0173 nuo J\u016bs\u0173 kreipimosi dienos, pateiks Jums atsakym\u0105. Nagrin\u0117jami tik tie pra\u0161ymai d\u0117l asmens duomen\u0173 tvarkymo, kurie pateikiami ra\u0161tu (el. pa\u0161tu info@ dahlgera.lt arba pa\u0161tu: Savanori\u0173 pr. 180, Vilnius LT-03154).<\/p>\n<p><strong>VI. Privatumo politikos keitimas<\/strong><\/p>\n<p>15. DAHLGERA turi teis\u0119 i\u0161 dalies ar visi\u0161kai pakeisti Privatumo politik\u0105 apie tai prane\u0161damas el. parduotuv\u0117je.<\/p>\n<p>16. Privatumo politikos papildymai ar pakeitimai \u012fsigalioja nuo j\u0173 paskelbimo dienos, t. y. nuo tos dienos, kai jie yra patalpinimi el. parduotuv\u0117s sistemoje.<\/p>\n<p>17. Jeigu J\u016bs nesutinkate su nauja Privatumo politikos redakcija, J\u016bs turite teis\u0119 jos atsisakyti ra\u0161tu (el. pa\u0161tu info@ dahlgera.lt arba pa\u0161tu Savanori\u0173 pr. 180, Vilnius LT-03154) su s\u0105lyga, kad J\u016bs prarandate teis\u0119 naudotis el. parduotuv\u0117s paslaugomis.<\/p>\n<p>18. Jei po Privatumo politikos papildymo ar pakeitimo J\u016bs ir toliau naudojat\u0117s el. parduotuv\u0117s teikiamomis paslaugomis, laikoma, kad J\u016bs sutinkate su nauja redakcija.<\/p>\n<p>&nbsp;<\/p>\n<p><strong>Slapuk\u0173 naudojimo taisykl\u0117s<\/strong><\/p>\n<p>Kas yra slapukai ir kaip jie veikia? Slapukai yra nedideli informacijos failai, atsi\u0173sti \u012f J\u016bs\u0173 \u012frengin\u012f (kompiuter\u012f ar mobil\u0173j\u012f telefon\u0105) i\u0161 J\u016bs\u0173 lankom\u0173 svetaini\u0173. Slapukai nekelia jokios gr\u0117sm\u0117s \u012frenginiams. Lankant svetain\u0119 J\u016bs\u0173 interneto nar\u0161ykl\u0117 nuskaito slapuk\u0105 ir pateikia informacij\u0105, pavyzd\u017eiui, atpa\u017eindama Jus kaip svetain\u0117s lankytoj\u0105 ir pritaikydama svetain\u0117s turin\u012f pagal J\u016bs\u0173 poreikius.<\/p>\n<p><strong>Kokius slapukus naudoja DAHLGERA ?<\/strong><\/p>\n<div class=\"table-responsive\">\n<table class=\"table table-striped\" style=\"border-collapse: collapse; width: 100%;\" border=\"1\">\n<tbody>\n<tr style=\"height: 24px;\">\n<td style=\"width: 33.3333%; height: 24px;\"><strong>Slapuko pavadinimas<\/strong><\/td>\n<td style=\"width: 33.3333%; height: 24px;\"><strong>Slapuko paskirtis<\/strong><\/td>\n<td style=\"width: 33.3333%; height: 24px;\"><strong>Slapuko galiojimo laikas<\/strong><\/td>\n<\/tr>\n<tr style=\"height: 48px;\">\n<td style=\"width: 33.3333%; height: 48px;\">_icl_current_language<\/td>\n<td style=\"width: 33.3333%; height: 48px;\">&#8220;WordPress&#8221; papildinio WPML slapukas, kuris naudojamas pasirinktai kalbai \u012fsiminti.<\/td>\n<td style=\"width: 33.3333%; height: 48px;\">24 valandos<\/td>\n<\/tr>\n<tr style=\"height: 96px;\">\n<td style=\"width: 33.3333%; height: 96px;\">__utma<\/td>\n<td style=\"width: 33.3333%; height: 96px;\">&#8220;Google Analytics&#8221; slapukai naudojami srautui \u012f m\u016bs\u0173 svetain\u0119. Nerenka asmenin\u0117s informacijos.\u00a0Naudojamas atskirti naudotojus ir sesijas. Daugiau informacijos &#8220;Google Analytics&#8221; <a href=\"https:\/\/developers.google.com\/analytics\/devguides\/collection\/analyticsjs\/cookie-usage\" target=\"_blank\" rel=\"noopener\">privatumo politikoje<\/a>.<\/td>\n<td style=\"width: 33.3333%; height: 96px;\">2 metai<\/td>\n<\/tr>\n<tr style=\"height: 120px;\">\n<td style=\"width: 33.3333%; height: 120px;\">__utmz<\/td>\n<td style=\"width: 33.3333%; height: 120px;\">&#8220;Google Analytics&#8221; slapukai naudojami srautui \u012f m\u016bs\u0173 svetain\u0119. Nerenka asmenin\u0117s informacijos.\u00a0Saugo srauto \u0161altin\u012f arba kampanij\u0105, paai\u0161kinan\u010di\u0105, kaip naudotojas pasiek\u0117 j\u016bs\u0173 svetain\u0119. Daugiau informacijos &#8220;Google Analytics&#8221; <a href=\"https:\/\/developers.google.com\/analytics\/devguides\/collection\/analyticsjs\/cookie-usage\" target=\"_blank\" rel=\"noopener\">privatumo politikoje<\/a>.<\/td>\n<td style=\"width: 33.3333%; height: 120px;\">6 m\u0117nesiai<\/td>\n<\/tr>\n<tr style=\"height: 24px;\">\n<td style=\"width: 33.3333%; height: 24px;\">__utmb<\/td>\n<td style=\"width: 33.3333%; height: 24px;\">Naudojamas nustatant naujus seansus \/ apsilankymus. Slapukas yra sukurtas, kai vykdo javascript biblioteka, ir n\u0117ra esam\u0173 __utmb slapuk\u0173. Slapukas atnaujinamas kiekvien\u0105 kart\u0105, kai duomenys siun\u010diami &#8220;Google Analytics&#8221;.<\/td>\n<td style=\"width: 33.3333%; height: 24px;\">30 minu\u010di\u0173<\/td>\n<\/tr>\n<tr style=\"height: 24px;\">\n<td style=\"width: 33.3333%; height: 24px;\">__utmc<\/td>\n<td style=\"width: 33.3333%; height: 24px;\">Ga.js nenaudojamas. Nustatoma s\u0105veika su urchin.js. Istori\u0161kai \u0161is slapukas naudojamas kartu su &#8220;__utmb&#8221; slapuku, kad nustatyt\u0173, ar vartotojas buvo naujas seansas \/ apsilankymas.\u00a0Daugiau informacijos &#8220;Google Analytics&#8221; <a href=\"https:\/\/developers.google.com\/analytics\/devguides\/collection\/analyticsjs\/cookie-usage\" target=\"_blank\" rel=\"noopener\">privatumo politikoje<\/a>.<\/td>\n<td style=\"width: 33.3333%; height: 24px;\">Sesijos slapukas, i\u0161trinamas, kai u\u017edarote savo nar\u0161ykl\u0117s lang\u0105.<\/td>\n<\/tr>\n<tr style=\"height: 24px;\">\n<td style=\"width: 33.3333%; height: 24px;\">__utmt<\/td>\n<td style=\"width: 33.3333%; height: 24px;\">Naudojamas norint padidinti greit\u012f.\u00a0Daugiau informacijos &#8220;Google Analytics&#8221; <a href=\"https:\/\/developers.google.com\/analytics\/devguides\/collection\/analyticsjs\/cookie-usage\" target=\"_blank\" rel=\"noopener\">privatumo politikoje<\/a>.<\/td>\n<td style=\"width: 33.3333%; height: 24px;\">10 minu\u010di\u0173<\/td>\n<\/tr>\n<\/tbody>\n<\/table>\n<\/div>\n<p>&nbsp;<\/p>\n<p><strong>Kaip pa\u0161alinti slapukus i\u0161 savo \u012frenginio? <\/strong><\/p>\n<p>DAHLGERA naudojamuose slapukuose n\u0117ra joki\u0173 asmenini\u0173 J\u016bs\u0173 duomen\u0173 ir jie n\u0117ra naudojami atpa\u017einimo tikslais. Ta\u010diau, jei norite apriboti slapukus arba juos i\u0161trinti, tai galite padaryti interneto nar\u0161ykl\u0117s nustatymuose. \u0160ios taisykl\u0117s gali b\u016bti kei\u010diamos. DAHLGERA laikosi slapuk\u0173 naudojim\u0105 reglamentuojan\u010di\u0173 teis\u0117s akt\u0173.<\/p>\n<p>Keisti slapuk\u0173 nustatymus \u010dia:<br \/>\n<div><a href=\"#\" onclick=\"cookielaw.writeCookie();\">I agree<\/a> | <a href=\"#\" onclick=\"cookielaw.disableCookie();\">I decline<\/a><\/div><\/p>\n","protected":false},"excerpt":{"rendered":"<p>I. Bendrosios nuostatos 1. \u0160i privatumo politika reglamentuoja UAB \u201eDAHLGERA\u201d elektronin\u0117s parduotuv\u0117s (toliau \u2013 DAHLGERA) ir \u00a0DAHLGERA kliento (toliau \u2013 J\u016bs, J\u016bs\u0173) pagrindinius asmens duomen\u0173 rinkimo, tvarkymo ir saugojimo principus bei tvark\u0105. 2. J\u016bs\u0173 asmens <a class=\"read-more\" href=\"https:\/\/www.dahlgera.lt\/en\/privacy-policy\/\">pla\u010diau&#8230;<\/a><\/p>\n","protected":false},"author":6,"featured_media":0,"parent":0,"menu_order":10,"comment_status":"closed","ping_status":"closed","template":"","meta":{"_acf_changed":false,"footnotes":""},"class_list":["post-7226","page","type-page","status-publish","hentry"],"acf":[],"yoast_head":"<!-- This site is optimized with the Yoast SEO plugin v27.5 - https:\/\/yoast.com\/product\/yoast-seo-wordpress\/ -->\n<title>Privacy policy - Dahlgera<\/title>\n<meta name=\"description\" content=\"UAB &quot;Dahlgera&quot; veikla: didmenin\u0117 - ma\u017emenin\u0117 prekyba santechnine \u012franga: \u0161ildymui, v\u0117dinimui, vandentiekiui, nuotekoms ir vonios kambariui \u012frengti.\" \/>\n<meta name=\"robots\" content=\"index, follow, max-snippet:-1, max-image-preview:large, max-video-preview:-1\" \/>\n<link rel=\"canonical\" href=\"https:\/\/www.dahlgera.lt\/en\/privacy-policy\/\" \/>\n<meta property=\"og:locale\" content=\"en_US\" \/>\n<meta property=\"og:type\" content=\"article\" \/>\n<meta property=\"og:title\" content=\"Privacy policy - Dahlgera\" \/>\n<meta property=\"og:description\" content=\"UAB &quot;Dahlgera&quot; veikla: didmenin\u0117 - ma\u017emenin\u0117 prekyba santechnine \u012franga: \u0161ildymui, v\u0117dinimui, vandentiekiui, nuotekoms ir vonios kambariui \u012frengti.\" \/>\n<meta property=\"og:url\" content=\"https:\/\/www.dahlgera.lt\/en\/privacy-policy\/\" \/>\n<meta property=\"og:site_name\" content=\"DAHL \/\/ DAHLGERA, UAB\" \/>\n<meta property=\"article:publisher\" content=\"https:\/\/www.facebook.com\/Dahlgera-UAB-1027784953993289\/?fref=ts\" \/>\n<meta property=\"article:modified_time\" content=\"2018-05-23T11:12:52+00:00\" \/>\n<meta property=\"og:image\" content=\"https:\/\/www.dahlgera.lt\/wp-content\/uploads\/2014\/05\/namukas.png\" \/>\n\t<meta property=\"og:image:width\" content=\"643\" \/>\n\t<meta property=\"og:image:height\" content=\"514\" \/>\n\t<meta property=\"og:image:type\" content=\"image\/png\" \/>\n<meta name=\"twitter:card\" content=\"summary_large_image\" \/>\n<meta name=\"twitter:label1\" content=\"Est. reading time\" \/>\n\t<meta name=\"twitter:data1\" content=\"6 minutes\" \/>\n<script type=\"application\/ld+json\" class=\"yoast-schema-graph\">{\"@context\":\"https:\\\/\\\/schema.org\",\"@graph\":[{\"@type\":\"WebPage\",\"@id\":\"https:\\\/\\\/www.dahlgera.lt\\\/en\\\/privacy-policy\\\/\",\"url\":\"https:\\\/\\\/www.dahlgera.lt\\\/en\\\/privacy-policy\\\/\",\"name\":\"Privacy policy - Dahlgera\",\"isPartOf\":{\"@id\":\"https:\\\/\\\/www.dahlgera.lt\\\/#website\"},\"datePublished\":\"2018-05-21T09:53:09+00:00\",\"dateModified\":\"2018-05-23T11:12:52+00:00\",\"description\":\"UAB \\\"Dahlgera\\\" veikla: didmenin\u0117 - ma\u017emenin\u0117 prekyba santechnine \u012franga: \u0161ildymui, v\u0117dinimui, vandentiekiui, nuotekoms ir vonios kambariui \u012frengti.\",\"breadcrumb\":{\"@id\":\"https:\\\/\\\/www.dahlgera.lt\\\/en\\\/privacy-policy\\\/#breadcrumb\"},\"inLanguage\":\"en-US\",\"potentialAction\":[{\"@type\":\"ReadAction\",\"target\":[\"https:\\\/\\\/www.dahlgera.lt\\\/en\\\/privacy-policy\\\/\"]}]},{\"@type\":\"BreadcrumbList\",\"@id\":\"https:\\\/\\\/www.dahlgera.lt\\\/en\\\/privacy-policy\\\/#breadcrumb\",\"itemListElement\":[{\"@type\":\"ListItem\",\"position\":1,\"name\":\"Home\",\"item\":\"https:\\\/\\\/www.dahlgera.lt\\\/en\\\/\"},{\"@type\":\"ListItem\",\"position\":2,\"name\":\"Privacy policy\"}]},{\"@type\":\"WebSite\",\"@id\":\"https:\\\/\\\/www.dahlgera.lt\\\/#website\",\"url\":\"https:\\\/\\\/www.dahlgera.lt\\\/\",\"name\":\"DAHL \\\/\\\/ DAHLGERA, UAB\",\"description\":\"Visi santechniniai sprendimai!\",\"potentialAction\":[{\"@type\":\"SearchAction\",\"target\":{\"@type\":\"EntryPoint\",\"urlTemplate\":\"https:\\\/\\\/www.dahlgera.lt\\\/?s={search_term_string}\"},\"query-input\":{\"@type\":\"PropertyValueSpecification\",\"valueRequired\":true,\"valueName\":\"search_term_string\"}}],\"inLanguage\":\"en-US\"}]}<\/script>\n<!-- \/ Yoast SEO plugin. -->","yoast_head_json":{"title":"Privacy policy - Dahlgera","description":"UAB \"Dahlgera\" veikla: didmenin\u0117 - ma\u017emenin\u0117 prekyba santechnine \u012franga: \u0161ildymui, v\u0117dinimui, vandentiekiui, nuotekoms ir vonios kambariui \u012frengti.","robots":{"index":"index","follow":"follow","max-snippet":"max-snippet:-1","max-image-preview":"max-image-preview:large","max-video-preview":"max-video-preview:-1"},"canonical":"https:\/\/www.dahlgera.lt\/en\/privacy-policy\/","og_locale":"en_US","og_type":"article","og_title":"Privacy policy - Dahlgera","og_description":"UAB \"Dahlgera\" veikla: didmenin\u0117 - ma\u017emenin\u0117 prekyba santechnine \u012franga: \u0161ildymui, v\u0117dinimui, vandentiekiui, nuotekoms ir vonios kambariui \u012frengti.","og_url":"https:\/\/www.dahlgera.lt\/en\/privacy-policy\/","og_site_name":"DAHL \/\/ DAHLGERA, UAB","article_publisher":"https:\/\/www.facebook.com\/Dahlgera-UAB-1027784953993289\/?fref=ts","article_modified_time":"2018-05-23T11:12:52+00:00","og_image":[{"width":643,"height":514,"url":"https:\/\/www.dahlgera.lt\/wp-content\/uploads\/2014\/05\/namukas.png","type":"image\/png"}],"twitter_card":"summary_large_image","twitter_misc":{"Est. reading time":"6 minutes"},"schema":{"@context":"https:\/\/schema.org","@graph":[{"@type":"WebPage","@id":"https:\/\/www.dahlgera.lt\/en\/privacy-policy\/","url":"https:\/\/www.dahlgera.lt\/en\/privacy-policy\/","name":"Privacy policy - Dahlgera","isPartOf":{"@id":"https:\/\/www.dahlgera.lt\/#website"},"datePublished":"2018-05-21T09:53:09+00:00","dateModified":"2018-05-23T11:12:52+00:00","description":"UAB \"Dahlgera\" veikla: didmenin\u0117 - ma\u017emenin\u0117 prekyba santechnine \u012franga: \u0161ildymui, v\u0117dinimui, vandentiekiui, nuotekoms ir vonios kambariui \u012frengti.","breadcrumb":{"@id":"https:\/\/www.dahlgera.lt\/en\/privacy-policy\/#breadcrumb"},"inLanguage":"en-US","potentialAction":[{"@type":"ReadAction","target":["https:\/\/www.dahlgera.lt\/en\/privacy-policy\/"]}]},{"@type":"BreadcrumbList","@id":"https:\/\/www.dahlgera.lt\/en\/privacy-policy\/#breadcrumb","itemListElement":[{"@type":"ListItem","position":1,"name":"Home","item":"https:\/\/www.dahlgera.lt\/en\/"},{"@type":"ListItem","position":2,"name":"Privacy policy"}]},{"@type":"WebSite","@id":"https:\/\/www.dahlgera.lt\/#website","url":"https:\/\/www.dahlgera.lt\/","name":"DAHL \/\/ DAHLGERA, UAB","description":"Visi santechniniai sprendimai!","potentialAction":[{"@type":"SearchAction","target":{"@type":"EntryPoint","urlTemplate":"https:\/\/www.dahlgera.lt\/?s={search_term_string}"},"query-input":{"@type":"PropertyValueSpecification","valueRequired":true,"valueName":"search_term_string"}}],"inLanguage":"en-US"}]}},"publishpress_future_action":{"enabled":false,"date":"2026-05-10 12:33:10","action":"change-status","newStatus":"draft","terms":[],"taxonomy":"translation_priority","extraData":[]},"publishpress_future_workflow_manual_trigger":{"enabledWorkflows":[]},"_links":{"self":[{"href":"https:\/\/www.dahlgera.lt\/en\/wp-json\/wp\/v2\/pages\/7226","targetHints":{"allow":["GET"]}}],"collection":[{"href":"https:\/\/www.dahlgera.lt\/en\/wp-json\/wp\/v2\/pages"}],"about":[{"href":"https:\/\/www.dahlgera.lt\/en\/wp-json\/wp\/v2\/types\/page"}],"author":[{"embeddable":true,"href":"https:\/\/www.dahlgera.lt\/en\/wp-json\/wp\/v2\/users\/6"}],"replies":[{"embeddable":true,"href":"https:\/\/www.dahlgera.lt\/en\/wp-json\/wp\/v2\/comments?post=7226"}],"version-history":[{"count":3,"href":"https:\/\/www.dahlgera.lt\/en\/wp-json\/wp\/v2\/pages\/7226\/revisions"}],"predecessor-version":[{"id":7236,"href":"https:\/\/www.dahlgera.lt\/en\/wp-json\/wp\/v2\/pages\/7226\/revisions\/7236"}],"wp:attachment":[{"href":"https:\/\/www.dahlgera.lt\/en\/wp-json\/wp\/v2\/media?parent=7226"}],"curies":[{"name":"wp","href":"https:\/\/api.w.org\/{rel}","templated":true}]}}