{"id":7799,"date":"2019-12-18T15:13:14","date_gmt":"2019-12-18T13:13:14","guid":{"rendered":"https:\/\/www.dahlgera.lt\/dahlgera\/"},"modified":"2019-12-19T16:37:23","modified_gmt":"2019-12-19T14:37:23","slug":"dahlgera","status":"publish","type":"page","link":"https:\/\/www.dahlgera.lt\/en\/","title":{"rendered":"Dahlgera"},"content":{"rendered":"\t\t<div data-elementor-type=\"wp-page\" data-elementor-id=\"7799\" class=\"elementor elementor-7799 elementor-7681\">\n\t\t\t\t\t\t<section class=\"elementor-section elementor-top-section elementor-element elementor-element-f5fccd9 elementor-section-boxed elementor-section-height-default elementor-section-height-default\" data-id=\"f5fccd9\" data-element_type=\"section\" data-e-type=\"section\">\n\t\t\t\t\t\t<div class=\"elementor-container elementor-column-gap-default\">\n\t\t\t\t\t<div class=\"elementor-column elementor-col-33 elementor-top-column elementor-element elementor-element-cc375ae\" data-id=\"cc375ae\" data-element_type=\"column\" data-e-type=\"column\">\n\t\t\t<div class=\"elementor-widget-wrap elementor-element-populated\">\n\t\t\t\t\t\t<div class=\"elementor-element elementor-element-5f6d228 catalog-image elementor-widget elementor-widget-image\" data-id=\"5f6d228\" data-element_type=\"widget\" data-e-type=\"widget\" data-widget_type=\"image.default\">\n\t\t\t\t<div class=\"elementor-widget-container\">\n\t\t\t\t\t\t\t\t\t\t\t\t\t\t\t<img fetchpriority=\"high\" decoding=\"async\" width=\"600\" height=\"400\" src=\"https:\/\/www.dahlgera.lt\/wp-content\/uploads\/vonios-kambarys.jpg\" class=\"attachment-large size-large wp-image-7685\" alt=\"Vonios kambarys\" srcset=\"https:\/\/www.dahlgera.lt\/wp-content\/uploads\/vonios-kambarys.jpg 600w, https:\/\/www.dahlgera.lt\/wp-content\/uploads\/vonios-kambarys-300x200.jpg 300w\" sizes=\"(max-width: 600px) 100vw, 600px\" \/>\t\t\t\t\t\t\t\t\t\t\t\t\t\t\t<\/div>\n\t\t\t\t<\/div>\n\t\t\t\t<div class=\"elementor-element elementor-element-511bb65 elementor-widget elementor-widget-heading\" data-id=\"511bb65\" data-element_type=\"widget\" data-e-type=\"widget\" data-widget_type=\"heading.default\">\n\t\t\t\t<div class=\"elementor-widget-container\">\n\t\t\t\t\t<h2 class=\"elementor-heading-title elementor-size-default\">Pavadinimas<\/h2>\t\t\t\t<\/div>\n\t\t\t\t<\/div>\n\t\t\t\t\t<\/div>\n\t\t<\/div>\n\t\t\t\t<div class=\"elementor-column elementor-col-33 elementor-top-column elementor-element elementor-element-2276e43\" data-id=\"2276e43\" data-element_type=\"column\" data-e-type=\"column\">\n\t\t\t<div class=\"elementor-widget-wrap\">\n\t\t\t\t\t\t\t<\/div>\n\t\t<\/div>\n\t\t\t\t<div class=\"elementor-column elementor-col-33 elementor-top-column elementor-element elementor-element-a66f9e9\" data-id=\"a66f9e9\" data-element_type=\"column\" data-e-type=\"column\">\n\t\t\t<div class=\"elementor-widget-wrap\">\n\t\t\t\t\t\t\t<\/div>\n\t\t<\/div>\n\t\t\t\t\t<\/div>\n\t\t<\/section>\n\t\t\t\t<\/div>\n\t\t","protected":false},"excerpt":{"rendered":"","protected":false},"author":6,"featured_media":0,"parent":0,"menu_order":11,"comment_status":"closed","ping_status":"closed","template":"tpl-catalog.php","meta":{"_acf_changed":false,"footnotes":""},"class_list":["post-7799","page","type-page","status-publish","hentry"],"acf":[],"yoast_head":"<!-- This site is optimized with the Yoast SEO plugin v27.5 - https:\/\/yoast.com\/product\/yoast-seo-wordpress\/ -->\n<title>Dahlgera - Dahlgera<\/title>\n<meta name=\"description\" content=\"UAB &quot;Dahlgera&quot; veikla: didmenin\u0117 - ma\u017emenin\u0117 prekyba santechnine \u012franga: \u0161ildymui, v\u0117dinimui, vandentiekiui, nuotekoms ir vonios kambariui \u012frengti.\" \/>\n<meta name=\"robots\" content=\"index, follow, max-snippet:-1, max-image-preview:large, max-video-preview:-1\" \/>\n<link rel=\"canonical\" href=\"https:\/\/www.dahlgera.lt\/en\/\" \/>\n<meta property=\"og:locale\" content=\"en_US\" \/>\n<meta property=\"og:type\" content=\"article\" \/>\n<meta property=\"og:title\" content=\"Dahlgera - Dahlgera\" \/>\n<meta property=\"og:description\" content=\"UAB &quot;Dahlgera&quot; veikla: didmenin\u0117 - ma\u017emenin\u0117 prekyba santechnine \u012franga: \u0161ildymui, v\u0117dinimui, vandentiekiui, nuotekoms ir vonios kambariui \u012frengti.\" \/>\n<meta property=\"og:url\" content=\"https:\/\/www.dahlgera.lt\/en\/\" \/>\n<meta property=\"og:site_name\" content=\"DAHL \/\/ DAHLGERA, UAB\" \/>\n<meta property=\"article:publisher\" content=\"https:\/\/www.facebook.com\/Dahlgera-UAB-1027784953993289\/?fref=ts\" \/>\n<meta property=\"article:modified_time\" content=\"2019-12-19T14:37:23+00:00\" \/>\n<meta property=\"og:image\" content=\"https:\/\/www.dahlgera.lt\/wp-content\/uploads\/2014\/05\/namukas.png\" \/>\n\t<meta property=\"og:image:width\" content=\"643\" \/>\n\t<meta property=\"og:image:height\" content=\"514\" \/>\n\t<meta property=\"og:image:type\" content=\"image\/png\" \/>\n<meta name=\"twitter:card\" content=\"summary_large_image\" \/>\n<script type=\"application\/ld+json\" class=\"yoast-schema-graph\">{\"@context\":\"https:\\\/\\\/schema.org\",\"@graph\":[{\"@type\":\"WebPage\",\"@id\":\"https:\\\/\\\/www.dahlgera.lt\\\/en\\\/\",\"url\":\"https:\\\/\\\/www.dahlgera.lt\\\/en\\\/\",\"name\":\"Dahlgera - Dahlgera\",\"isPartOf\":{\"@id\":\"https:\\\/\\\/www.dahlgera.lt\\\/#website\"},\"datePublished\":\"2019-12-18T13:13:14+00:00\",\"dateModified\":\"2019-12-19T14:37:23+00:00\",\"description\":\"UAB \\\"Dahlgera\\\" veikla: didmenin\u0117 - ma\u017emenin\u0117 prekyba santechnine \u012franga: \u0161ildymui, v\u0117dinimui, vandentiekiui, nuotekoms ir vonios kambariui \u012frengti.\",\"breadcrumb\":{\"@id\":\"https:\\\/\\\/www.dahlgera.lt\\\/en\\\/#breadcrumb\"},\"inLanguage\":\"en-US\",\"potentialAction\":[{\"@type\":\"ReadAction\",\"target\":[\"https:\\\/\\\/www.dahlgera.lt\\\/en\\\/\"]}]},{\"@type\":\"BreadcrumbList\",\"@id\":\"https:\\\/\\\/www.dahlgera.lt\\\/en\\\/#breadcrumb\",\"itemListElement\":[{\"@type\":\"ListItem\",\"position\":1,\"name\":\"Home\",\"item\":\"https:\\\/\\\/www.dahlgera.lt\\\/en\\\/\"},{\"@type\":\"ListItem\",\"position\":2,\"name\":\"Dahlgera\"}]},{\"@type\":\"WebSite\",\"@id\":\"https:\\\/\\\/www.dahlgera.lt\\\/#website\",\"url\":\"https:\\\/\\\/www.dahlgera.lt\\\/\",\"name\":\"DAHL \\\/\\\/ DAHLGERA, UAB\",\"description\":\"Visi santechniniai sprendimai!\",\"potentialAction\":[{\"@type\":\"SearchAction\",\"target\":{\"@type\":\"EntryPoint\",\"urlTemplate\":\"https:\\\/\\\/www.dahlgera.lt\\\/?s={search_term_string}\"},\"query-input\":{\"@type\":\"PropertyValueSpecification\",\"valueRequired\":true,\"valueName\":\"search_term_string\"}}],\"inLanguage\":\"en-US\"}]}<\/script>\n<!-- \/ Yoast SEO plugin. -->","yoast_head_json":{"title":"Dahlgera - Dahlgera","description":"UAB \"Dahlgera\" veikla: didmenin\u0117 - ma\u017emenin\u0117 prekyba santechnine \u012franga: \u0161ildymui, v\u0117dinimui, vandentiekiui, nuotekoms ir vonios kambariui \u012frengti.","robots":{"index":"index","follow":"follow","max-snippet":"max-snippet:-1","max-image-preview":"max-image-preview:large","max-video-preview":"max-video-preview:-1"},"canonical":"https:\/\/www.dahlgera.lt\/en\/","og_locale":"en_US","og_type":"article","og_title":"Dahlgera - Dahlgera","og_description":"UAB \"Dahlgera\" veikla: didmenin\u0117 - ma\u017emenin\u0117 prekyba santechnine \u012franga: \u0161ildymui, v\u0117dinimui, vandentiekiui, nuotekoms ir vonios kambariui \u012frengti.","og_url":"https:\/\/www.dahlgera.lt\/en\/","og_site_name":"DAHL \/\/ DAHLGERA, UAB","article_publisher":"https:\/\/www.facebook.com\/Dahlgera-UAB-1027784953993289\/?fref=ts","article_modified_time":"2019-12-19T14:37:23+00:00","og_image":[{"width":643,"height":514,"url":"https:\/\/www.dahlgera.lt\/wp-content\/uploads\/2014\/05\/namukas.png","type":"image\/png"}],"twitter_card":"summary_large_image","schema":{"@context":"https:\/\/schema.org","@graph":[{"@type":"WebPage","@id":"https:\/\/www.dahlgera.lt\/en\/","url":"https:\/\/www.dahlgera.lt\/en\/","name":"Dahlgera - Dahlgera","isPartOf":{"@id":"https:\/\/www.dahlgera.lt\/#website"},"datePublished":"2019-12-18T13:13:14+00:00","dateModified":"2019-12-19T14:37:23+00:00","description":"UAB \"Dahlgera\" veikla: didmenin\u0117 - ma\u017emenin\u0117 prekyba santechnine \u012franga: \u0161ildymui, v\u0117dinimui, vandentiekiui, nuotekoms ir vonios kambariui \u012frengti.","breadcrumb":{"@id":"https:\/\/www.dahlgera.lt\/en\/#breadcrumb"},"inLanguage":"en-US","potentialAction":[{"@type":"ReadAction","target":["https:\/\/www.dahlgera.lt\/en\/"]}]},{"@type":"BreadcrumbList","@id":"https:\/\/www.dahlgera.lt\/en\/#breadcrumb","itemListElement":[{"@type":"ListItem","position":1,"name":"Home","item":"https:\/\/www.dahlgera.lt\/en\/"},{"@type":"ListItem","position":2,"name":"Dahlgera"}]},{"@type":"WebSite","@id":"https:\/\/www.dahlgera.lt\/#website","url":"https:\/\/www.dahlgera.lt\/","name":"DAHL \/\/ DAHLGERA, UAB","description":"Visi santechniniai sprendimai!","potentialAction":[{"@type":"SearchAction","target":{"@type":"EntryPoint","urlTemplate":"https:\/\/www.dahlgera.lt\/?s={search_term_string}"},"query-input":{"@type":"PropertyValueSpecification","valueRequired":true,"valueName":"search_term_string"}}],"inLanguage":"en-US"}]}},"publishpress_future_action":{"enabled":false,"date":"2026-05-10 12:08:04","action":"change-status","newStatus":"draft","terms":[],"taxonomy":"translation_priority","extraData":[]},"publishpress_future_workflow_manual_trigger":{"enabledWorkflows":[]},"_links":{"self":[{"href":"https:\/\/www.dahlgera.lt\/en\/wp-json\/wp\/v2\/pages\/7799","targetHints":{"allow":["GET"]}}],"collection":[{"href":"https:\/\/www.dahlgera.lt\/en\/wp-json\/wp\/v2\/pages"}],"about":[{"href":"https:\/\/www.dahlgera.lt\/en\/wp-json\/wp\/v2\/types\/page"}],"author":[{"embeddable":true,"href":"https:\/\/www.dahlgera.lt\/en\/wp-json\/wp\/v2\/users\/6"}],"replies":[{"embeddable":true,"href":"https:\/\/www.dahlgera.lt\/en\/wp-json\/wp\/v2\/comments?post=7799"}],"version-history":[{"count":3,"href":"https:\/\/www.dahlgera.lt\/en\/wp-json\/wp\/v2\/pages\/7799\/revisions"}],"predecessor-version":[{"id":7804,"href":"https:\/\/www.dahlgera.lt\/en\/wp-json\/wp\/v2\/pages\/7799\/revisions\/7804"}],"wp:attachment":[{"href":"https:\/\/www.dahlgera.lt\/en\/wp-json\/wp\/v2\/media?parent=7799"}],"curies":[{"name":"wp","href":"https:\/\/api.w.org\/{rel}","templated":true}]}}