{"id":1748,"date":"2012-06-13T18:31:12","date_gmt":"2012-06-13T16:31:12","guid":{"rendered":"http:\/\/www.dahlgera.lt\/?page_id=1748"},"modified":"2015-03-19T11:24:00","modified_gmt":"2015-03-19T09:24:00","slug":"aco-trapyi-iz-nerzhav-stali-eg-150","status":"publish","type":"page","link":"https:\/\/www.dahlgera.lt\/ru\/aco-trapyi-iz-nerzhav-stali-eg-150\/","title":{"rendered":"ACO \u0442\u0440\u0430\u043f\u044b \u0438\u0437 \u043d\u0435\u0440\u0436\u0430\u0432. \u0441\u0442\u0430\u043b\u0438 EG150"},"content":{"rendered":"","protected":false},"excerpt":{"rendered":"","protected":false},"author":6,"featured_media":0,"parent":0,"menu_order":2,"comment_status":"open","ping_status":"closed","template":"","meta":{"_acf_changed":false,"footnotes":""},"class_list":["post-1748","page","type-page","status-publish","hentry"],"acf":[],"yoast_head":"<!-- This site is optimized with the Yoast SEO plugin v27.4 - https:\/\/yoast.com\/product\/yoast-seo-wordpress\/ -->\n<title>ACO \u0442\u0440\u0430\u043f\u044b \u0438\u0437 \u043d\u0435\u0440\u0436\u0430\u0432. \u0441\u0442\u0430\u043b\u0438 EG150 - Dahlgera<\/title>\n<meta name=\"description\" content=\"UAB &quot;Dahlgera&quot; veikla: didmenin\u0117 - ma\u017emenin\u0117 prekyba santechnine \u012franga: \u0161ildymui, v\u0117dinimui, vandentiekiui, nuotekoms ir vonios kambariui \u012frengti.\" \/>\n<meta name=\"robots\" content=\"index, follow, max-snippet:-1, max-image-preview:large, max-video-preview:-1\" \/>\n<link rel=\"canonical\" href=\"https:\/\/www.dahlgera.lt\/ru\/aco-trapyi-iz-nerzhav-stali-eg-150\/\" \/>\n<meta property=\"og:locale\" content=\"ru_RU\" \/>\n<meta property=\"og:type\" content=\"article\" \/>\n<meta property=\"og:title\" content=\"ACO \u0442\u0440\u0430\u043f\u044b \u0438\u0437 \u043d\u0435\u0440\u0436\u0430\u0432. \u0441\u0442\u0430\u043b\u0438 EG150 - Dahlgera\" \/>\n<meta property=\"og:description\" content=\"UAB &quot;Dahlgera&quot; veikla: didmenin\u0117 - ma\u017emenin\u0117 prekyba santechnine \u012franga: \u0161ildymui, v\u0117dinimui, vandentiekiui, nuotekoms ir vonios kambariui \u012frengti.\" \/>\n<meta property=\"og:url\" content=\"https:\/\/www.dahlgera.lt\/ru\/aco-trapyi-iz-nerzhav-stali-eg-150\/\" \/>\n<meta property=\"og:site_name\" content=\"DAHL \/\/ DAHLGERA, UAB\" \/>\n<meta property=\"article:publisher\" content=\"https:\/\/www.facebook.com\/Dahlgera-UAB-1027784953993289\/?fref=ts\" \/>\n<meta property=\"article:modified_time\" content=\"2015-03-19T09:24:00+00:00\" \/>\n<meta property=\"og:image\" content=\"https:\/\/www.dahlgera.lt\/wp-content\/uploads\/2014\/05\/namukas.png\" \/>\n\t<meta property=\"og:image:width\" content=\"643\" \/>\n\t<meta property=\"og:image:height\" content=\"514\" \/>\n\t<meta property=\"og:image:type\" content=\"image\/png\" \/>\n<meta name=\"twitter:card\" content=\"summary_large_image\" \/>\n<script type=\"application\/ld+json\" class=\"yoast-schema-graph\">{\"@context\":\"https:\\\/\\\/schema.org\",\"@graph\":[{\"@type\":\"WebPage\",\"@id\":\"https:\\\/\\\/www.dahlgera.lt\\\/ru\\\/aco-trapyi-iz-nerzhav-stali-eg-150\\\/\",\"url\":\"https:\\\/\\\/www.dahlgera.lt\\\/ru\\\/aco-trapyi-iz-nerzhav-stali-eg-150\\\/\",\"name\":\"ACO \u0442\u0440\u0430\u043f\u044b \u0438\u0437 \u043d\u0435\u0440\u0436\u0430\u0432. \u0441\u0442\u0430\u043b\u0438 EG150 - Dahlgera\",\"isPartOf\":{\"@id\":\"https:\\\/\\\/www.dahlgera.lt\\\/#website\"},\"datePublished\":\"2012-06-13T16:31:12+00:00\",\"dateModified\":\"2015-03-19T09:24:00+00:00\",\"description\":\"UAB \\\"Dahlgera\\\" veikla: didmenin\u0117 - ma\u017emenin\u0117 prekyba santechnine \u012franga: \u0161ildymui, v\u0117dinimui, vandentiekiui, nuotekoms ir vonios kambariui \u012frengti.\",\"breadcrumb\":{\"@id\":\"https:\\\/\\\/www.dahlgera.lt\\\/ru\\\/aco-trapyi-iz-nerzhav-stali-eg-150\\\/#breadcrumb\"},\"inLanguage\":\"ru-RU\",\"potentialAction\":[{\"@type\":\"ReadAction\",\"target\":[\"https:\\\/\\\/www.dahlgera.lt\\\/ru\\\/aco-trapyi-iz-nerzhav-stali-eg-150\\\/\"]}]},{\"@type\":\"BreadcrumbList\",\"@id\":\"https:\\\/\\\/www.dahlgera.lt\\\/ru\\\/aco-trapyi-iz-nerzhav-stali-eg-150\\\/#breadcrumb\",\"itemListElement\":[{\"@type\":\"ListItem\",\"position\":1,\"name\":\"Home\",\"item\":\"https:\\\/\\\/www.dahlgera.lt\\\/ru\\\/\"},{\"@type\":\"ListItem\",\"position\":2,\"name\":\"ACO \u0442\u0440\u0430\u043f\u044b \u0438\u0437 \u043d\u0435\u0440\u0436\u0430\u0432. \u0441\u0442\u0430\u043b\u0438 EG150\"}]},{\"@type\":\"WebSite\",\"@id\":\"https:\\\/\\\/www.dahlgera.lt\\\/#website\",\"url\":\"https:\\\/\\\/www.dahlgera.lt\\\/\",\"name\":\"DAHL \\\/\\\/ DAHLGERA, UAB\",\"description\":\"Visi santechniniai sprendimai!\",\"potentialAction\":[{\"@type\":\"SearchAction\",\"target\":{\"@type\":\"EntryPoint\",\"urlTemplate\":\"https:\\\/\\\/www.dahlgera.lt\\\/?s={search_term_string}\"},\"query-input\":{\"@type\":\"PropertyValueSpecification\",\"valueRequired\":true,\"valueName\":\"search_term_string\"}}],\"inLanguage\":\"ru-RU\"}]}<\/script>\n<!-- \/ Yoast SEO plugin. -->","yoast_head_json":{"title":"ACO \u0442\u0440\u0430\u043f\u044b \u0438\u0437 \u043d\u0435\u0440\u0436\u0430\u0432. \u0441\u0442\u0430\u043b\u0438 EG150 - Dahlgera","description":"UAB \"Dahlgera\" veikla: didmenin\u0117 - ma\u017emenin\u0117 prekyba santechnine \u012franga: \u0161ildymui, v\u0117dinimui, vandentiekiui, nuotekoms ir vonios kambariui \u012frengti.","robots":{"index":"index","follow":"follow","max-snippet":"max-snippet:-1","max-image-preview":"max-image-preview:large","max-video-preview":"max-video-preview:-1"},"canonical":"https:\/\/www.dahlgera.lt\/ru\/aco-trapyi-iz-nerzhav-stali-eg-150\/","og_locale":"ru_RU","og_type":"article","og_title":"ACO \u0442\u0440\u0430\u043f\u044b \u0438\u0437 \u043d\u0435\u0440\u0436\u0430\u0432. \u0441\u0442\u0430\u043b\u0438 EG150 - Dahlgera","og_description":"UAB \"Dahlgera\" veikla: didmenin\u0117 - ma\u017emenin\u0117 prekyba santechnine \u012franga: \u0161ildymui, v\u0117dinimui, vandentiekiui, nuotekoms ir vonios kambariui \u012frengti.","og_url":"https:\/\/www.dahlgera.lt\/ru\/aco-trapyi-iz-nerzhav-stali-eg-150\/","og_site_name":"DAHL \/\/ DAHLGERA, UAB","article_publisher":"https:\/\/www.facebook.com\/Dahlgera-UAB-1027784953993289\/?fref=ts","article_modified_time":"2015-03-19T09:24:00+00:00","og_image":[{"width":643,"height":514,"url":"https:\/\/www.dahlgera.lt\/wp-content\/uploads\/2014\/05\/namukas.png","type":"image\/png"}],"twitter_card":"summary_large_image","schema":{"@context":"https:\/\/schema.org","@graph":[{"@type":"WebPage","@id":"https:\/\/www.dahlgera.lt\/ru\/aco-trapyi-iz-nerzhav-stali-eg-150\/","url":"https:\/\/www.dahlgera.lt\/ru\/aco-trapyi-iz-nerzhav-stali-eg-150\/","name":"ACO \u0442\u0440\u0430\u043f\u044b \u0438\u0437 \u043d\u0435\u0440\u0436\u0430\u0432. \u0441\u0442\u0430\u043b\u0438 EG150 - Dahlgera","isPartOf":{"@id":"https:\/\/www.dahlgera.lt\/#website"},"datePublished":"2012-06-13T16:31:12+00:00","dateModified":"2015-03-19T09:24:00+00:00","description":"UAB \"Dahlgera\" veikla: didmenin\u0117 - ma\u017emenin\u0117 prekyba santechnine \u012franga: \u0161ildymui, v\u0117dinimui, vandentiekiui, nuotekoms ir vonios kambariui \u012frengti.","breadcrumb":{"@id":"https:\/\/www.dahlgera.lt\/ru\/aco-trapyi-iz-nerzhav-stali-eg-150\/#breadcrumb"},"inLanguage":"ru-RU","potentialAction":[{"@type":"ReadAction","target":["https:\/\/www.dahlgera.lt\/ru\/aco-trapyi-iz-nerzhav-stali-eg-150\/"]}]},{"@type":"BreadcrumbList","@id":"https:\/\/www.dahlgera.lt\/ru\/aco-trapyi-iz-nerzhav-stali-eg-150\/#breadcrumb","itemListElement":[{"@type":"ListItem","position":1,"name":"Home","item":"https:\/\/www.dahlgera.lt\/ru\/"},{"@type":"ListItem","position":2,"name":"ACO \u0442\u0440\u0430\u043f\u044b \u0438\u0437 \u043d\u0435\u0440\u0436\u0430\u0432. \u0441\u0442\u0430\u043b\u0438 EG150"}]},{"@type":"WebSite","@id":"https:\/\/www.dahlgera.lt\/#website","url":"https:\/\/www.dahlgera.lt\/","name":"DAHL \/\/ DAHLGERA, UAB","description":"Visi santechniniai sprendimai!","potentialAction":[{"@type":"SearchAction","target":{"@type":"EntryPoint","urlTemplate":"https:\/\/www.dahlgera.lt\/?s={search_term_string}"},"query-input":{"@type":"PropertyValueSpecification","valueRequired":true,"valueName":"search_term_string"}}],"inLanguage":"ru-RU"}]}},"publishpress_future_action":{"enabled":false,"date":"2026-04-21 20:02:18","action":"change-status","newStatus":"draft","terms":[],"taxonomy":"translation_priority","extraData":[]},"publishpress_future_workflow_manual_trigger":{"enabledWorkflows":[]},"_links":{"self":[{"href":"https:\/\/www.dahlgera.lt\/ru\/wp-json\/wp\/v2\/pages\/1748","targetHints":{"allow":["GET"]}}],"collection":[{"href":"https:\/\/www.dahlgera.lt\/ru\/wp-json\/wp\/v2\/pages"}],"about":[{"href":"https:\/\/www.dahlgera.lt\/ru\/wp-json\/wp\/v2\/types\/page"}],"author":[{"embeddable":true,"href":"https:\/\/www.dahlgera.lt\/ru\/wp-json\/wp\/v2\/users\/6"}],"replies":[{"embeddable":true,"href":"https:\/\/www.dahlgera.lt\/ru\/wp-json\/wp\/v2\/comments?post=1748"}],"version-history":[{"count":3,"href":"https:\/\/www.dahlgera.lt\/ru\/wp-json\/wp\/v2\/pages\/1748\/revisions"}],"predecessor-version":[{"id":4854,"href":"https:\/\/www.dahlgera.lt\/ru\/wp-json\/wp\/v2\/pages\/1748\/revisions\/4854"}],"wp:attachment":[{"href":"https:\/\/www.dahlgera.lt\/ru\/wp-json\/wp\/v2\/media?parent=1748"}],"curies":[{"name":"wp","href":"https:\/\/api.w.org\/{rel}","templated":true}]}}