{"id":2320,"date":"2014-01-23T16:34:13","date_gmt":"2014-01-23T14:34:13","guid":{"rendered":"http:\/\/www.dahlgera.lt\/?page_id=2320"},"modified":"2014-08-09T10:30:30","modified_gmt":"2014-08-09T08:30:30","slug":"geberit-potinkiniai-rmai","status":"publish","type":"page","link":"https:\/\/www.dahlgera.lt\/ru\/geberit-potinkiniai-rmai\/","title":{"rendered":"GEBERIT \u0417\u0430\u0441\u0442\u0435\u043d\u043d\u044b\u0435 \u043c\u043e\u0434\u0443\u043b\u0438 \u0434\u043b\u044f \u043f\u043e\u0434\u0432\u0435\u0441\u043d\u043e\u0433\u043e \u0441\u0430\u043d\u0444\u0430\u044f\u043d\u0441\u0430"},"content":{"rendered":"","protected":false},"excerpt":{"rendered":"","protected":false},"author":6,"featured_media":0,"parent":0,"menu_order":2,"comment_status":"open","ping_status":"open","template":"","meta":{"_acf_changed":false,"footnotes":""},"class_list":["post-2320","page","type-page","status-publish","hentry"],"acf":[],"yoast_head":"<!-- This site is optimized with the Yoast SEO plugin v27.3 - https:\/\/yoast.com\/product\/yoast-seo-wordpress\/ -->\n<title>GEBERIT \u0417\u0430\u0441\u0442\u0435\u043d\u043d\u044b\u0435 \u043c\u043e\u0434\u0443\u043b\u0438 \u0434\u043b\u044f \u043f\u043e\u0434\u0432\u0435\u0441\u043d\u043e\u0433\u043e \u0441\u0430\u043d\u0444\u0430\u044f\u043d\u0441\u0430  - Dahlgera<\/title>\n<meta name=\"description\" content=\"UAB &quot;Dahlgera&quot; veikla: didmenin\u0117 - ma\u017emenin\u0117 prekyba santechnine \u012franga: \u0161ildymui, v\u0117dinimui, vandentiekiui, nuotekoms ir vonios kambariui \u012frengti.\" \/>\n<meta name=\"robots\" content=\"index, follow, max-snippet:-1, max-image-preview:large, max-video-preview:-1\" \/>\n<link rel=\"canonical\" href=\"https:\/\/www.dahlgera.lt\/ru\/geberit-potinkiniai-rmai\/\" \/>\n<meta property=\"og:locale\" content=\"ru_RU\" \/>\n<meta property=\"og:type\" content=\"article\" \/>\n<meta property=\"og:title\" content=\"GEBERIT \u0417\u0430\u0441\u0442\u0435\u043d\u043d\u044b\u0435 \u043c\u043e\u0434\u0443\u043b\u0438 \u0434\u043b\u044f \u043f\u043e\u0434\u0432\u0435\u0441\u043d\u043e\u0433\u043e \u0441\u0430\u043d\u0444\u0430\u044f\u043d\u0441\u0430  - Dahlgera\" \/>\n<meta property=\"og:description\" content=\"UAB &quot;Dahlgera&quot; veikla: didmenin\u0117 - ma\u017emenin\u0117 prekyba santechnine \u012franga: \u0161ildymui, v\u0117dinimui, vandentiekiui, nuotekoms ir vonios kambariui \u012frengti.\" \/>\n<meta property=\"og:url\" content=\"https:\/\/www.dahlgera.lt\/ru\/geberit-potinkiniai-rmai\/\" \/>\n<meta property=\"og:site_name\" content=\"DAHL \/\/ DAHLGERA, UAB\" \/>\n<meta property=\"article:publisher\" content=\"https:\/\/www.facebook.com\/Dahlgera-UAB-1027784953993289\/?fref=ts\" \/>\n<meta property=\"article:modified_time\" content=\"2014-08-09T08:30:30+00:00\" \/>\n<meta property=\"og:image\" content=\"https:\/\/www.dahlgera.lt\/wp-content\/uploads\/2014\/05\/namukas.png\" \/>\n\t<meta property=\"og:image:width\" content=\"643\" \/>\n\t<meta property=\"og:image:height\" content=\"514\" \/>\n\t<meta property=\"og:image:type\" content=\"image\/png\" \/>\n<meta name=\"twitter:card\" content=\"summary_large_image\" \/>\n<script type=\"application\/ld+json\" class=\"yoast-schema-graph\">{\"@context\":\"https:\\\/\\\/schema.org\",\"@graph\":[{\"@type\":\"WebPage\",\"@id\":\"https:\\\/\\\/www.dahlgera.lt\\\/ru\\\/geberit-potinkiniai-rmai\\\/\",\"url\":\"https:\\\/\\\/www.dahlgera.lt\\\/ru\\\/geberit-potinkiniai-rmai\\\/\",\"name\":\"GEBERIT \u0417\u0430\u0441\u0442\u0435\u043d\u043d\u044b\u0435 \u043c\u043e\u0434\u0443\u043b\u0438 \u0434\u043b\u044f \u043f\u043e\u0434\u0432\u0435\u0441\u043d\u043e\u0433\u043e \u0441\u0430\u043d\u0444\u0430\u044f\u043d\u0441\u0430 - Dahlgera\",\"isPartOf\":{\"@id\":\"https:\\\/\\\/www.dahlgera.lt\\\/#website\"},\"datePublished\":\"2014-01-23T14:34:13+00:00\",\"dateModified\":\"2014-08-09T08:30:30+00:00\",\"description\":\"UAB \\\"Dahlgera\\\" veikla: didmenin\u0117 - ma\u017emenin\u0117 prekyba santechnine \u012franga: \u0161ildymui, v\u0117dinimui, vandentiekiui, nuotekoms ir vonios kambariui \u012frengti.\",\"breadcrumb\":{\"@id\":\"https:\\\/\\\/www.dahlgera.lt\\\/ru\\\/geberit-potinkiniai-rmai\\\/#breadcrumb\"},\"inLanguage\":\"ru-RU\",\"potentialAction\":[{\"@type\":\"ReadAction\",\"target\":[\"https:\\\/\\\/www.dahlgera.lt\\\/ru\\\/geberit-potinkiniai-rmai\\\/\"]}]},{\"@type\":\"BreadcrumbList\",\"@id\":\"https:\\\/\\\/www.dahlgera.lt\\\/ru\\\/geberit-potinkiniai-rmai\\\/#breadcrumb\",\"itemListElement\":[{\"@type\":\"ListItem\",\"position\":1,\"name\":\"Home\",\"item\":\"https:\\\/\\\/www.dahlgera.lt\\\/ru\\\/\"},{\"@type\":\"ListItem\",\"position\":2,\"name\":\"GEBERIT \u0417\u0430\u0441\u0442\u0435\u043d\u043d\u044b\u0435 \u043c\u043e\u0434\u0443\u043b\u0438 \u0434\u043b\u044f \u043f\u043e\u0434\u0432\u0435\u0441\u043d\u043e\u0433\u043e \u0441\u0430\u043d\u0444\u0430\u044f\u043d\u0441\u0430\"}]},{\"@type\":\"WebSite\",\"@id\":\"https:\\\/\\\/www.dahlgera.lt\\\/#website\",\"url\":\"https:\\\/\\\/www.dahlgera.lt\\\/\",\"name\":\"DAHL \\\/\\\/ DAHLGERA, UAB\",\"description\":\"Visi santechniniai sprendimai!\",\"potentialAction\":[{\"@type\":\"SearchAction\",\"target\":{\"@type\":\"EntryPoint\",\"urlTemplate\":\"https:\\\/\\\/www.dahlgera.lt\\\/?s={search_term_string}\"},\"query-input\":{\"@type\":\"PropertyValueSpecification\",\"valueRequired\":true,\"valueName\":\"search_term_string\"}}],\"inLanguage\":\"ru-RU\"}]}<\/script>\n<!-- \/ Yoast SEO plugin. -->","yoast_head_json":{"title":"GEBERIT \u0417\u0430\u0441\u0442\u0435\u043d\u043d\u044b\u0435 \u043c\u043e\u0434\u0443\u043b\u0438 \u0434\u043b\u044f \u043f\u043e\u0434\u0432\u0435\u0441\u043d\u043e\u0433\u043e \u0441\u0430\u043d\u0444\u0430\u044f\u043d\u0441\u0430  - Dahlgera","description":"UAB \"Dahlgera\" veikla: didmenin\u0117 - ma\u017emenin\u0117 prekyba santechnine \u012franga: \u0161ildymui, v\u0117dinimui, vandentiekiui, nuotekoms ir vonios kambariui \u012frengti.","robots":{"index":"index","follow":"follow","max-snippet":"max-snippet:-1","max-image-preview":"max-image-preview:large","max-video-preview":"max-video-preview:-1"},"canonical":"https:\/\/www.dahlgera.lt\/ru\/geberit-potinkiniai-rmai\/","og_locale":"ru_RU","og_type":"article","og_title":"GEBERIT \u0417\u0430\u0441\u0442\u0435\u043d\u043d\u044b\u0435 \u043c\u043e\u0434\u0443\u043b\u0438 \u0434\u043b\u044f \u043f\u043e\u0434\u0432\u0435\u0441\u043d\u043e\u0433\u043e \u0441\u0430\u043d\u0444\u0430\u044f\u043d\u0441\u0430  - Dahlgera","og_description":"UAB \"Dahlgera\" veikla: didmenin\u0117 - ma\u017emenin\u0117 prekyba santechnine \u012franga: \u0161ildymui, v\u0117dinimui, vandentiekiui, nuotekoms ir vonios kambariui \u012frengti.","og_url":"https:\/\/www.dahlgera.lt\/ru\/geberit-potinkiniai-rmai\/","og_site_name":"DAHL \/\/ DAHLGERA, UAB","article_publisher":"https:\/\/www.facebook.com\/Dahlgera-UAB-1027784953993289\/?fref=ts","article_modified_time":"2014-08-09T08:30:30+00:00","og_image":[{"width":643,"height":514,"url":"https:\/\/www.dahlgera.lt\/wp-content\/uploads\/2014\/05\/namukas.png","type":"image\/png"}],"twitter_card":"summary_large_image","schema":{"@context":"https:\/\/schema.org","@graph":[{"@type":"WebPage","@id":"https:\/\/www.dahlgera.lt\/ru\/geberit-potinkiniai-rmai\/","url":"https:\/\/www.dahlgera.lt\/ru\/geberit-potinkiniai-rmai\/","name":"GEBERIT \u0417\u0430\u0441\u0442\u0435\u043d\u043d\u044b\u0435 \u043c\u043e\u0434\u0443\u043b\u0438 \u0434\u043b\u044f \u043f\u043e\u0434\u0432\u0435\u0441\u043d\u043e\u0433\u043e \u0441\u0430\u043d\u0444\u0430\u044f\u043d\u0441\u0430 - Dahlgera","isPartOf":{"@id":"https:\/\/www.dahlgera.lt\/#website"},"datePublished":"2014-01-23T14:34:13+00:00","dateModified":"2014-08-09T08:30:30+00:00","description":"UAB \"Dahlgera\" veikla: didmenin\u0117 - ma\u017emenin\u0117 prekyba santechnine \u012franga: \u0161ildymui, v\u0117dinimui, vandentiekiui, nuotekoms ir vonios kambariui \u012frengti.","breadcrumb":{"@id":"https:\/\/www.dahlgera.lt\/ru\/geberit-potinkiniai-rmai\/#breadcrumb"},"inLanguage":"ru-RU","potentialAction":[{"@type":"ReadAction","target":["https:\/\/www.dahlgera.lt\/ru\/geberit-potinkiniai-rmai\/"]}]},{"@type":"BreadcrumbList","@id":"https:\/\/www.dahlgera.lt\/ru\/geberit-potinkiniai-rmai\/#breadcrumb","itemListElement":[{"@type":"ListItem","position":1,"name":"Home","item":"https:\/\/www.dahlgera.lt\/ru\/"},{"@type":"ListItem","position":2,"name":"GEBERIT \u0417\u0430\u0441\u0442\u0435\u043d\u043d\u044b\u0435 \u043c\u043e\u0434\u0443\u043b\u0438 \u0434\u043b\u044f \u043f\u043e\u0434\u0432\u0435\u0441\u043d\u043e\u0433\u043e \u0441\u0430\u043d\u0444\u0430\u044f\u043d\u0441\u0430"}]},{"@type":"WebSite","@id":"https:\/\/www.dahlgera.lt\/#website","url":"https:\/\/www.dahlgera.lt\/","name":"DAHL \/\/ DAHLGERA, UAB","description":"Visi santechniniai sprendimai!","potentialAction":[{"@type":"SearchAction","target":{"@type":"EntryPoint","urlTemplate":"https:\/\/www.dahlgera.lt\/?s={search_term_string}"},"query-input":{"@type":"PropertyValueSpecification","valueRequired":true,"valueName":"search_term_string"}}],"inLanguage":"ru-RU"}]}},"publishpress_future_action":{"enabled":false,"date":"2026-04-12 17:51:08","action":"change-status","newStatus":"draft","terms":[],"taxonomy":"translation_priority","extraData":[]},"publishpress_future_workflow_manual_trigger":{"enabledWorkflows":[]},"_links":{"self":[{"href":"https:\/\/www.dahlgera.lt\/ru\/wp-json\/wp\/v2\/pages\/2320","targetHints":{"allow":["GET"]}}],"collection":[{"href":"https:\/\/www.dahlgera.lt\/ru\/wp-json\/wp\/v2\/pages"}],"about":[{"href":"https:\/\/www.dahlgera.lt\/ru\/wp-json\/wp\/v2\/types\/page"}],"author":[{"embeddable":true,"href":"https:\/\/www.dahlgera.lt\/ru\/wp-json\/wp\/v2\/users\/6"}],"replies":[{"embeddable":true,"href":"https:\/\/www.dahlgera.lt\/ru\/wp-json\/wp\/v2\/comments?post=2320"}],"version-history":[{"count":2,"href":"https:\/\/www.dahlgera.lt\/ru\/wp-json\/wp\/v2\/pages\/2320\/revisions"}],"predecessor-version":[{"id":2335,"href":"https:\/\/www.dahlgera.lt\/ru\/wp-json\/wp\/v2\/pages\/2320\/revisions\/2335"}],"wp:attachment":[{"href":"https:\/\/www.dahlgera.lt\/ru\/wp-json\/wp\/v2\/media?parent=2320"}],"curies":[{"name":"wp","href":"https:\/\/api.w.org\/{rel}","templated":true}]}}