{"id":2377,"date":"2014-01-27T15:25:37","date_gmt":"2014-01-27T13:25:37","guid":{"rendered":"http:\/\/www.dahlgera.lt\/?page_id=2377"},"modified":"2014-08-09T10:20:57","modified_gmt":"2014-08-09T08:20:57","slug":"rems-rankiai-ru","status":"publish","type":"page","link":"https:\/\/www.dahlgera.lt\/ru\/katalog\/rankiai-ru\/rems-rankiai-ru\/","title":{"rendered":"Rems \u0438\u043d\u0441\u0442\u0440\u0443\u043c\u0435\u043d\u0442\u044b"},"content":{"rendered":"<p>\u0421 \u043c\u043e\u043c\u0435\u043d\u0442\u0430 \u043e\u0441\u043d\u043e\u0432\u0430\u043d\u0438\u044f \u0432 1909 \u0433\u043e\u0434\u0443 REMS \u0440\u0430\u0437\u0440\u0430\u0431\u0430\u0442\u044b\u0432\u0430\u043b \u043f\u0440\u043e\u0434\u0443\u043a\u0446\u0438\u044e \u0434\u043b\u044f \u043e\u0431\u0440\u0430\u0431\u043e\u0442\u043a\u0438 \u0442\u0440\u0443\u0431, \u0432 \u043e\u0441\u043e\u0431\u0435\u043d\u043d\u043e\u0441\u0442\u0438 \u0434\u043b\u044f \u043c\u043e\u043d\u0442\u0430\u0436\u0430 \u0441\u0430\u043d\u0442\u0435\u0445\u043d\u0438\u0447\u0435\u0441\u043a\u0438\u0445 \u0438 \u043e\u0442\u043e\u043f\u0438\u0442\u0435\u043b\u044c\u043d\u044b\u0445 \u0441\u0438\u0441\u0442\u0435\u043c. \u0421\u043d\u0430\u0447\u0430\u043b\u0430 \u0432\u044b\u043f\u0443\u0441\u043a\u0430\u043b\u0438\u0441\u044c \u0440\u0443\u0447\u043d\u044b\u0435 \u0438\u043d\u0441\u0442\u0440\u0443\u043c\u0435\u043d\u0442\u044b, \u0437\u0430\u0442\u0435\u043c \u0441\u0442\u0430\u043d\u043a\u0438 \u0438 \u044d\u043b\u0435\u043a\u0442\u0440\u043e\u0438\u043d\u0441\u0442\u0440\u0443\u043c\u0435\u043d\u0442\u044b. \u0412\u044b\u0441\u043a\u0430\u0437\u044b\u0432\u0430\u043d\u0438\u0435 \u043e\u0441\u043d\u043e\u0432\u0430\u0442\u0435\u043b\u044f \u0444\u0438\u0440\u043c\u044b \u041a\u0440\u0438\u0441\u0442\u0438\u0430\u043d\u0430 \u0424\u0451\u043b\u043b\u044f \u201eREMS \u0434\u043e\u043b\u0436\u0435\u043d \u0431\u044b\u0442 \u043b\u0443\u0447\u0448\u0435\u201c \u0432\u0441\u0435\u0433\u0434\u0430 \u044f\u0432\u043b\u044f\u043b\u0441\u044f \u043c\u0435\u0440\u0438\u043b\u043e\u043c \u043f\u0440\u043e\u0434\u0430\u0436.<\/p>\n<p>\u0411\u043b\u0430\u0433\u043e\u0434\u0430\u0440\u044f \u0438\u0441\u043f\u043e\u043b\u044c\u0437\u043e\u0432\u0430\u043d\u0438\u044e \u0441\u043e\u0432\u0440\u0435\u043c\u0435\u043d\u043d\u044b\u0445 \u0442\u0435\u0445\u043d\u043e\u043b\u043e\u0433\u0438\u0439 \u0432 \u043f\u0440\u043e\u0435\u043a\u0442\u0438\u0440\u043e\u0432\u043a\u0435 \u0438 \u0440\u0430\u0437\u0440\u0430\u0431\u043e\u0442\u043a\u0435 \u043f\u0440\u043e\u0434\u0443\u043a\u0446\u0438\u0438, \u043a\u0430\u0447\u0435\u0441\u0442\u0432\u043e REMS \u0441 \u0441\u0430\u043c\u043e\u0433\u043e \u043d\u0430\u0447\u0430\u043b\u0430 \u043d\u0430\u0445\u043e\u0434\u0438\u043b\u043e\u0441\u044c \u043d\u0430 \u0432\u044b\u0441\u043e\u0442\u0435: \u0411\u0435\u0437\u043e\u043f\u0430\u0441\u043d\u043e\u0435\u0438\u0441\u043f\u043e\u043b\u044c\u0437\u043e\u0432\u0430\u043d\u0438\u0435, \u043f\u0440\u043e\u0447\u043d\u0430\u044f \u043a\u043e\u043d\u0441\u0442\u0440\u0443\u043a\u0446\u0438\u044f, \u043f\u0440\u043e\u0441\u0442\u043e\u0442\u0430 \u0432 \u043e\u0431\u0441\u043b\u0443\u0436\u0438\u0432\u0430\u043d\u0438\u0438, \u0434\u043b\u0438\u0442\u0435\u043b\u044c\u043d\u044b\u0439 \u0441\u0440\u043e\u043a \u044d\u043a\u0441\u043f\u043b\u0443\u0430\u0442\u0430\u0446\u0438\u0438.<\/p>\n","protected":false},"excerpt":{"rendered":"<p>\u0421 \u043c\u043e\u043c\u0435\u043d\u0442\u0430 \u043e\u0441\u043d\u043e\u0432\u0430\u043d\u0438\u044f \u0432 1909 \u0433\u043e\u0434\u0443 REMS \u0440\u0430\u0437\u0440\u0430\u0431\u0430\u0442\u044b\u0432\u0430\u043b \u043f\u0440\u043e\u0434\u0443\u043a\u0446\u0438\u044e \u0434\u043b\u044f \u043e\u0431\u0440\u0430\u0431\u043e\u0442\u043a\u0438 \u0442\u0440\u0443\u0431, \u0432 \u043e\u0441\u043e\u0431\u0435\u043d\u043d\u043e\u0441\u0442\u0438 \u0434\u043b\u044f \u043c\u043e\u043d\u0442\u0430\u0436\u0430 \u0441\u0430\u043d\u0442\u0435\u0445\u043d\u0438\u0447\u0435\u0441\u043a\u0438\u0445 \u0438 \u043e\u0442\u043e\u043f\u0438\u0442\u0435\u043b\u044c\u043d\u044b\u0445 \u0441\u0438\u0441\u0442\u0435\u043c. \u0421\u043d\u0430\u0447\u0430\u043b\u0430 \u0432\u044b\u043f\u0443\u0441\u043a\u0430\u043b\u0438\u0441\u044c \u0440\u0443\u0447\u043d\u044b\u0435 \u0438\u043d\u0441\u0442\u0440\u0443\u043c\u0435\u043d\u0442\u044b, \u0437\u0430\u0442\u0435\u043c \u0441\u0442\u0430\u043d\u043a\u0438 \u0438 \u044d\u043b\u0435\u043a\u0442\u0440\u043e\u0438\u043d\u0441\u0442\u0440\u0443\u043c\u0435\u043d\u0442\u044b. \u0412\u044b\u0441\u043a\u0430\u0437\u044b\u0432\u0430\u043d\u0438\u0435 \u043e\u0441\u043d\u043e\u0432\u0430\u0442\u0435\u043b\u044f \u0444\u0438\u0440\u043c\u044b \u041a\u0440\u0438\u0441\u0442\u0438\u0430\u043d\u0430 \u0424\u0451\u043b\u043b\u044f \u201eREMS \u0434\u043e\u043b\u0436\u0435\u043d <a class=\"read-more\" href=\"https:\/\/www.dahlgera.lt\/ru\/katalog\/rankiai-ru\/rems-rankiai-ru\/\">pla\u010diau&#8230;<\/a><\/p>\n","protected":false},"author":6,"featured_media":0,"parent":2368,"menu_order":1,"comment_status":"open","ping_status":"open","template":"","meta":{"_acf_changed":false,"footnotes":""},"class_list":["post-2377","page","type-page","status-publish","hentry"],"acf":[],"yoast_head":"<!-- This site is optimized with the Yoast SEO plugin v27.6 - https:\/\/yoast.com\/product\/yoast-seo-wordpress\/ -->\n<title>Rems \u0438\u043d\u0441\u0442\u0440\u0443\u043c\u0435\u043d\u0442\u044b - Dahlgera<\/title>\n<meta name=\"description\" content=\"UAB &quot;Dahlgera&quot; veikla: didmenin\u0117 - ma\u017emenin\u0117 prekyba santechnine \u012franga: \u0161ildymui, v\u0117dinimui, vandentiekiui, nuotekoms ir vonios kambariui \u012frengti.\" \/>\n<meta name=\"robots\" content=\"index, follow, max-snippet:-1, max-image-preview:large, max-video-preview:-1\" \/>\n<link rel=\"canonical\" href=\"https:\/\/www.dahlgera.lt\/ru\/katalog\/rankiai-ru\/rems-rankiai-ru\/\" \/>\n<meta property=\"og:locale\" content=\"ru_RU\" \/>\n<meta property=\"og:type\" content=\"article\" \/>\n<meta property=\"og:title\" content=\"Rems \u0438\u043d\u0441\u0442\u0440\u0443\u043c\u0435\u043d\u0442\u044b - Dahlgera\" \/>\n<meta property=\"og:description\" content=\"UAB &quot;Dahlgera&quot; veikla: didmenin\u0117 - ma\u017emenin\u0117 prekyba santechnine \u012franga: \u0161ildymui, v\u0117dinimui, vandentiekiui, nuotekoms ir vonios kambariui \u012frengti.\" \/>\n<meta property=\"og:url\" content=\"https:\/\/www.dahlgera.lt\/ru\/katalog\/rankiai-ru\/rems-rankiai-ru\/\" \/>\n<meta property=\"og:site_name\" content=\"DAHL \/\/ DAHLGERA, UAB\" \/>\n<meta property=\"article:publisher\" content=\"https:\/\/www.facebook.com\/Dahlgera-UAB-1027784953993289\/?fref=ts\" \/>\n<meta property=\"article:modified_time\" content=\"2014-08-09T08:20:57+00:00\" \/>\n<meta property=\"og:image\" content=\"https:\/\/www.dahlgera.lt\/wp-content\/uploads\/2014\/05\/namukas.png\" \/>\n\t<meta property=\"og:image:width\" content=\"643\" \/>\n\t<meta property=\"og:image:height\" content=\"514\" \/>\n\t<meta property=\"og:image:type\" content=\"image\/png\" \/>\n<meta name=\"twitter:card\" content=\"summary_large_image\" \/>\n<script type=\"application\/ld+json\" class=\"yoast-schema-graph\">{\"@context\":\"https:\\\/\\\/schema.org\",\"@graph\":[{\"@type\":\"WebPage\",\"@id\":\"https:\\\/\\\/www.dahlgera.lt\\\/ru\\\/katalog\\\/rankiai-ru\\\/rems-rankiai-ru\\\/\",\"url\":\"https:\\\/\\\/www.dahlgera.lt\\\/ru\\\/katalog\\\/rankiai-ru\\\/rems-rankiai-ru\\\/\",\"name\":\"Rems \u0438\u043d\u0441\u0442\u0440\u0443\u043c\u0435\u043d\u0442\u044b - Dahlgera\",\"isPartOf\":{\"@id\":\"https:\\\/\\\/www.dahlgera.lt\\\/#website\"},\"datePublished\":\"2014-01-27T13:25:37+00:00\",\"dateModified\":\"2014-08-09T08:20:57+00:00\",\"description\":\"UAB \\\"Dahlgera\\\" veikla: didmenin\u0117 - ma\u017emenin\u0117 prekyba santechnine \u012franga: \u0161ildymui, v\u0117dinimui, vandentiekiui, nuotekoms ir vonios kambariui \u012frengti.\",\"breadcrumb\":{\"@id\":\"https:\\\/\\\/www.dahlgera.lt\\\/ru\\\/katalog\\\/rankiai-ru\\\/rems-rankiai-ru\\\/#breadcrumb\"},\"inLanguage\":\"ru-RU\",\"potentialAction\":[{\"@type\":\"ReadAction\",\"target\":[\"https:\\\/\\\/www.dahlgera.lt\\\/ru\\\/katalog\\\/rankiai-ru\\\/rems-rankiai-ru\\\/\"]}]},{\"@type\":\"BreadcrumbList\",\"@id\":\"https:\\\/\\\/www.dahlgera.lt\\\/ru\\\/katalog\\\/rankiai-ru\\\/rems-rankiai-ru\\\/#breadcrumb\",\"itemListElement\":[{\"@type\":\"ListItem\",\"position\":1,\"name\":\"Home\",\"item\":\"https:\\\/\\\/www.dahlgera.lt\\\/ru\\\/\"},{\"@type\":\"ListItem\",\"position\":2,\"name\":\"\u041a\u0430\u0442\u0430\u043b\u043e\u0433\",\"item\":\"https:\\\/\\\/www.dahlgera.lt\\\/ru\\\/katalog\\\/\"},{\"@type\":\"ListItem\",\"position\":3,\"name\":\"\u012erankiai [ru]\",\"item\":\"https:\\\/\\\/www.dahlgera.lt\\\/ru\\\/katalog\\\/rankiai-ru\\\/\"},{\"@type\":\"ListItem\",\"position\":4,\"name\":\"Rems \u0438\u043d\u0441\u0442\u0440\u0443\u043c\u0435\u043d\u0442\u044b\"}]},{\"@type\":\"WebSite\",\"@id\":\"https:\\\/\\\/www.dahlgera.lt\\\/#website\",\"url\":\"https:\\\/\\\/www.dahlgera.lt\\\/\",\"name\":\"DAHL \\\/\\\/ DAHLGERA, UAB\",\"description\":\"Visi santechniniai sprendimai!\",\"potentialAction\":[{\"@type\":\"SearchAction\",\"target\":{\"@type\":\"EntryPoint\",\"urlTemplate\":\"https:\\\/\\\/www.dahlgera.lt\\\/?s={search_term_string}\"},\"query-input\":{\"@type\":\"PropertyValueSpecification\",\"valueRequired\":true,\"valueName\":\"search_term_string\"}}],\"inLanguage\":\"ru-RU\"}]}<\/script>\n<!-- \/ Yoast SEO plugin. -->","yoast_head_json":{"title":"Rems \u0438\u043d\u0441\u0442\u0440\u0443\u043c\u0435\u043d\u0442\u044b - Dahlgera","description":"UAB \"Dahlgera\" veikla: didmenin\u0117 - ma\u017emenin\u0117 prekyba santechnine \u012franga: \u0161ildymui, v\u0117dinimui, vandentiekiui, nuotekoms ir vonios kambariui \u012frengti.","robots":{"index":"index","follow":"follow","max-snippet":"max-snippet:-1","max-image-preview":"max-image-preview:large","max-video-preview":"max-video-preview:-1"},"canonical":"https:\/\/www.dahlgera.lt\/ru\/katalog\/rankiai-ru\/rems-rankiai-ru\/","og_locale":"ru_RU","og_type":"article","og_title":"Rems \u0438\u043d\u0441\u0442\u0440\u0443\u043c\u0435\u043d\u0442\u044b - Dahlgera","og_description":"UAB \"Dahlgera\" veikla: didmenin\u0117 - ma\u017emenin\u0117 prekyba santechnine \u012franga: \u0161ildymui, v\u0117dinimui, vandentiekiui, nuotekoms ir vonios kambariui \u012frengti.","og_url":"https:\/\/www.dahlgera.lt\/ru\/katalog\/rankiai-ru\/rems-rankiai-ru\/","og_site_name":"DAHL \/\/ DAHLGERA, UAB","article_publisher":"https:\/\/www.facebook.com\/Dahlgera-UAB-1027784953993289\/?fref=ts","article_modified_time":"2014-08-09T08:20:57+00:00","og_image":[{"width":643,"height":514,"url":"https:\/\/www.dahlgera.lt\/wp-content\/uploads\/2014\/05\/namukas.png","type":"image\/png"}],"twitter_card":"summary_large_image","schema":{"@context":"https:\/\/schema.org","@graph":[{"@type":"WebPage","@id":"https:\/\/www.dahlgera.lt\/ru\/katalog\/rankiai-ru\/rems-rankiai-ru\/","url":"https:\/\/www.dahlgera.lt\/ru\/katalog\/rankiai-ru\/rems-rankiai-ru\/","name":"Rems \u0438\u043d\u0441\u0442\u0440\u0443\u043c\u0435\u043d\u0442\u044b - Dahlgera","isPartOf":{"@id":"https:\/\/www.dahlgera.lt\/#website"},"datePublished":"2014-01-27T13:25:37+00:00","dateModified":"2014-08-09T08:20:57+00:00","description":"UAB \"Dahlgera\" veikla: didmenin\u0117 - ma\u017emenin\u0117 prekyba santechnine \u012franga: \u0161ildymui, v\u0117dinimui, vandentiekiui, nuotekoms ir vonios kambariui \u012frengti.","breadcrumb":{"@id":"https:\/\/www.dahlgera.lt\/ru\/katalog\/rankiai-ru\/rems-rankiai-ru\/#breadcrumb"},"inLanguage":"ru-RU","potentialAction":[{"@type":"ReadAction","target":["https:\/\/www.dahlgera.lt\/ru\/katalog\/rankiai-ru\/rems-rankiai-ru\/"]}]},{"@type":"BreadcrumbList","@id":"https:\/\/www.dahlgera.lt\/ru\/katalog\/rankiai-ru\/rems-rankiai-ru\/#breadcrumb","itemListElement":[{"@type":"ListItem","position":1,"name":"Home","item":"https:\/\/www.dahlgera.lt\/ru\/"},{"@type":"ListItem","position":2,"name":"\u041a\u0430\u0442\u0430\u043b\u043e\u0433","item":"https:\/\/www.dahlgera.lt\/ru\/katalog\/"},{"@type":"ListItem","position":3,"name":"\u012erankiai [ru]","item":"https:\/\/www.dahlgera.lt\/ru\/katalog\/rankiai-ru\/"},{"@type":"ListItem","position":4,"name":"Rems \u0438\u043d\u0441\u0442\u0440\u0443\u043c\u0435\u043d\u0442\u044b"}]},{"@type":"WebSite","@id":"https:\/\/www.dahlgera.lt\/#website","url":"https:\/\/www.dahlgera.lt\/","name":"DAHL \/\/ DAHLGERA, UAB","description":"Visi santechniniai sprendimai!","potentialAction":[{"@type":"SearchAction","target":{"@type":"EntryPoint","urlTemplate":"https:\/\/www.dahlgera.lt\/?s={search_term_string}"},"query-input":{"@type":"PropertyValueSpecification","valueRequired":true,"valueName":"search_term_string"}}],"inLanguage":"ru-RU"}]}},"publishpress_future_action":{"enabled":false,"date":"2026-05-24 04:40:25","action":"change-status","newStatus":"draft","terms":[],"taxonomy":"translation_priority","extraData":[]},"publishpress_future_workflow_manual_trigger":{"enabledWorkflows":[]},"_links":{"self":[{"href":"https:\/\/www.dahlgera.lt\/ru\/wp-json\/wp\/v2\/pages\/2377","targetHints":{"allow":["GET"]}}],"collection":[{"href":"https:\/\/www.dahlgera.lt\/ru\/wp-json\/wp\/v2\/pages"}],"about":[{"href":"https:\/\/www.dahlgera.lt\/ru\/wp-json\/wp\/v2\/types\/page"}],"author":[{"embeddable":true,"href":"https:\/\/www.dahlgera.lt\/ru\/wp-json\/wp\/v2\/users\/6"}],"replies":[{"embeddable":true,"href":"https:\/\/www.dahlgera.lt\/ru\/wp-json\/wp\/v2\/comments?post=2377"}],"version-history":[{"count":3,"href":"https:\/\/www.dahlgera.lt\/ru\/wp-json\/wp\/v2\/pages\/2377\/revisions"}],"predecessor-version":[{"id":2479,"href":"https:\/\/www.dahlgera.lt\/ru\/wp-json\/wp\/v2\/pages\/2377\/revisions\/2479"}],"up":[{"embeddable":true,"href":"https:\/\/www.dahlgera.lt\/ru\/wp-json\/wp\/v2\/pages\/2368"}],"wp:attachment":[{"href":"https:\/\/www.dahlgera.lt\/ru\/wp-json\/wp\/v2\/media?parent=2377"}],"curies":[{"name":"wp","href":"https:\/\/api.w.org\/{rel}","templated":true}]}}