{"id":5270,"date":"2015-08-04T15:12:08","date_gmt":"2015-08-04T13:12:08","guid":{"rendered":"http:\/\/www.dahlgera.lt\/?page_id=5270"},"modified":"2015-08-05T09:36:29","modified_gmt":"2015-08-05T07:36:29","slug":"vetrovyie-turbinyi","status":"publish","type":"page","link":"https:\/\/www.dahlgera.lt\/ru\/katalog\/ventilyatsionnyie-sistemyi\/vetrovyie-turbinyi\/","title":{"rendered":"\u0412\u0435\u0442\u0440\u043e\u0432\u044b\u0435 \u0442\u0443\u0440\u0431\u0438\u043d\u044b"},"content":{"rendered":"<p><a href=\"http:\/\/www.dahlgera.lt\/wp-content\/uploads\/Rotating-chimney.jpg\"><img fetchpriority=\"high\" decoding=\"async\" class=\"alignleft size-medium wp-image-5277\" src=\"http:\/\/www.dahlgera.lt\/wp-content\/uploads\/Rotating-chimney-300x300.jpg\" alt=\"Rotating-chimney\" width=\"300\" height=\"300\" srcset=\"https:\/\/www.dahlgera.lt\/wp-content\/uploads\/Rotating-chimney-300x300.jpg 300w, https:\/\/www.dahlgera.lt\/wp-content\/uploads\/Rotating-chimney-150x150.jpg 150w, https:\/\/www.dahlgera.lt\/wp-content\/uploads\/Rotating-chimney-600x600.jpg 600w, https:\/\/www.dahlgera.lt\/wp-content\/uploads\/Rotating-chimney-50x50.jpg 50w, https:\/\/www.dahlgera.lt\/wp-content\/uploads\/Rotating-chimney.jpg 690w\" sizes=\"(max-width: 300px) 100vw, 300px\" \/><\/a><\/p>\n","protected":false},"excerpt":{"rendered":"","protected":false},"author":6,"featured_media":0,"parent":630,"menu_order":2,"comment_status":"open","ping_status":"open","template":"","meta":{"_acf_changed":false,"footnotes":""},"class_list":["post-5270","page","type-page","status-publish","hentry"],"acf":[],"yoast_head":"<!-- This site is optimized with the Yoast SEO plugin v27.6 - https:\/\/yoast.com\/product\/yoast-seo-wordpress\/ -->\n<title>\u0412\u0435\u0442\u0440\u043e\u0432\u044b\u0435 \u0442\u0443\u0440\u0431\u0438\u043d\u044b - Dahlgera<\/title>\n<meta name=\"description\" content=\"UAB &quot;Dahlgera&quot; veikla: didmenin\u0117 - ma\u017emenin\u0117 prekyba santechnine \u012franga: \u0161ildymui, v\u0117dinimui, vandentiekiui, nuotekoms ir vonios kambariui \u012frengti.\" \/>\n<meta name=\"robots\" content=\"index, follow, max-snippet:-1, max-image-preview:large, max-video-preview:-1\" \/>\n<link rel=\"canonical\" href=\"https:\/\/www.dahlgera.lt\/ru\/katalog\/ventilyatsionnyie-sistemyi\/vetrovyie-turbinyi\/\" \/>\n<meta property=\"og:locale\" content=\"ru_RU\" \/>\n<meta property=\"og:type\" content=\"article\" \/>\n<meta property=\"og:title\" content=\"\u0412\u0435\u0442\u0440\u043e\u0432\u044b\u0435 \u0442\u0443\u0440\u0431\u0438\u043d\u044b - Dahlgera\" \/>\n<meta property=\"og:description\" content=\"UAB &quot;Dahlgera&quot; veikla: didmenin\u0117 - ma\u017emenin\u0117 prekyba santechnine \u012franga: \u0161ildymui, v\u0117dinimui, vandentiekiui, nuotekoms ir vonios kambariui \u012frengti.\" \/>\n<meta property=\"og:url\" content=\"https:\/\/www.dahlgera.lt\/ru\/katalog\/ventilyatsionnyie-sistemyi\/vetrovyie-turbinyi\/\" \/>\n<meta property=\"og:site_name\" content=\"DAHL \/\/ DAHLGERA, UAB\" \/>\n<meta property=\"article:publisher\" content=\"https:\/\/www.facebook.com\/Dahlgera-UAB-1027784953993289\/?fref=ts\" \/>\n<meta property=\"article:modified_time\" content=\"2015-08-05T07:36:29+00:00\" \/>\n<meta property=\"og:image\" content=\"http:\/\/www.dahlgera.lt\/wp-content\/uploads\/Rotating-chimney-300x300.jpg\" \/>\n<meta name=\"twitter:card\" content=\"summary_large_image\" \/>\n<script type=\"application\/ld+json\" class=\"yoast-schema-graph\">{\"@context\":\"https:\\\/\\\/schema.org\",\"@graph\":[{\"@type\":\"WebPage\",\"@id\":\"https:\\\/\\\/www.dahlgera.lt\\\/ru\\\/katalog\\\/ventilyatsionnyie-sistemyi\\\/vetrovyie-turbinyi\\\/\",\"url\":\"https:\\\/\\\/www.dahlgera.lt\\\/ru\\\/katalog\\\/ventilyatsionnyie-sistemyi\\\/vetrovyie-turbinyi\\\/\",\"name\":\"\u0412\u0435\u0442\u0440\u043e\u0432\u044b\u0435 \u0442\u0443\u0440\u0431\u0438\u043d\u044b - Dahlgera\",\"isPartOf\":{\"@id\":\"https:\\\/\\\/www.dahlgera.lt\\\/#website\"},\"primaryImageOfPage\":{\"@id\":\"https:\\\/\\\/www.dahlgera.lt\\\/ru\\\/katalog\\\/ventilyatsionnyie-sistemyi\\\/vetrovyie-turbinyi\\\/#primaryimage\"},\"image\":{\"@id\":\"https:\\\/\\\/www.dahlgera.lt\\\/ru\\\/katalog\\\/ventilyatsionnyie-sistemyi\\\/vetrovyie-turbinyi\\\/#primaryimage\"},\"thumbnailUrl\":\"http:\\\/\\\/www.dahlgera.lt\\\/wp-content\\\/uploads\\\/Rotating-chimney-300x300.jpg\",\"datePublished\":\"2015-08-04T13:12:08+00:00\",\"dateModified\":\"2015-08-05T07:36:29+00:00\",\"description\":\"UAB \\\"Dahlgera\\\" veikla: didmenin\u0117 - ma\u017emenin\u0117 prekyba santechnine \u012franga: \u0161ildymui, v\u0117dinimui, vandentiekiui, nuotekoms ir vonios kambariui \u012frengti.\",\"breadcrumb\":{\"@id\":\"https:\\\/\\\/www.dahlgera.lt\\\/ru\\\/katalog\\\/ventilyatsionnyie-sistemyi\\\/vetrovyie-turbinyi\\\/#breadcrumb\"},\"inLanguage\":\"ru-RU\",\"potentialAction\":[{\"@type\":\"ReadAction\",\"target\":[\"https:\\\/\\\/www.dahlgera.lt\\\/ru\\\/katalog\\\/ventilyatsionnyie-sistemyi\\\/vetrovyie-turbinyi\\\/\"]}]},{\"@type\":\"ImageObject\",\"inLanguage\":\"ru-RU\",\"@id\":\"https:\\\/\\\/www.dahlgera.lt\\\/ru\\\/katalog\\\/ventilyatsionnyie-sistemyi\\\/vetrovyie-turbinyi\\\/#primaryimage\",\"url\":\"http:\\\/\\\/www.dahlgera.lt\\\/wp-content\\\/uploads\\\/Rotating-chimney-300x300.jpg\",\"contentUrl\":\"http:\\\/\\\/www.dahlgera.lt\\\/wp-content\\\/uploads\\\/Rotating-chimney-300x300.jpg\"},{\"@type\":\"BreadcrumbList\",\"@id\":\"https:\\\/\\\/www.dahlgera.lt\\\/ru\\\/katalog\\\/ventilyatsionnyie-sistemyi\\\/vetrovyie-turbinyi\\\/#breadcrumb\",\"itemListElement\":[{\"@type\":\"ListItem\",\"position\":1,\"name\":\"Home\",\"item\":\"https:\\\/\\\/www.dahlgera.lt\\\/ru\\\/\"},{\"@type\":\"ListItem\",\"position\":2,\"name\":\"\u041a\u0430\u0442\u0430\u043b\u043e\u0433\",\"item\":\"https:\\\/\\\/www.dahlgera.lt\\\/ru\\\/katalog\\\/\"},{\"@type\":\"ListItem\",\"position\":3,\"name\":\"\u0412\u0435\u043d\u0442\u0438\u043b\u044f\u0446\u0438\u043e\u043d\u043d\u044b\u0435 \u0441\u0438\u0441\u0442\u0435\u043c\u044b\",\"item\":\"https:\\\/\\\/www.dahlgera.lt\\\/ru\\\/katalog\\\/ventilyatsionnyie-sistemyi\\\/\"},{\"@type\":\"ListItem\",\"position\":4,\"name\":\"\u0412\u0435\u0442\u0440\u043e\u0432\u044b\u0435 \u0442\u0443\u0440\u0431\u0438\u043d\u044b\"}]},{\"@type\":\"WebSite\",\"@id\":\"https:\\\/\\\/www.dahlgera.lt\\\/#website\",\"url\":\"https:\\\/\\\/www.dahlgera.lt\\\/\",\"name\":\"DAHL \\\/\\\/ DAHLGERA, UAB\",\"description\":\"Visi santechniniai sprendimai!\",\"potentialAction\":[{\"@type\":\"SearchAction\",\"target\":{\"@type\":\"EntryPoint\",\"urlTemplate\":\"https:\\\/\\\/www.dahlgera.lt\\\/?s={search_term_string}\"},\"query-input\":{\"@type\":\"PropertyValueSpecification\",\"valueRequired\":true,\"valueName\":\"search_term_string\"}}],\"inLanguage\":\"ru-RU\"}]}<\/script>\n<!-- \/ Yoast SEO plugin. -->","yoast_head_json":{"title":"\u0412\u0435\u0442\u0440\u043e\u0432\u044b\u0435 \u0442\u0443\u0440\u0431\u0438\u043d\u044b - Dahlgera","description":"UAB \"Dahlgera\" veikla: didmenin\u0117 - ma\u017emenin\u0117 prekyba santechnine \u012franga: \u0161ildymui, v\u0117dinimui, vandentiekiui, nuotekoms ir vonios kambariui \u012frengti.","robots":{"index":"index","follow":"follow","max-snippet":"max-snippet:-1","max-image-preview":"max-image-preview:large","max-video-preview":"max-video-preview:-1"},"canonical":"https:\/\/www.dahlgera.lt\/ru\/katalog\/ventilyatsionnyie-sistemyi\/vetrovyie-turbinyi\/","og_locale":"ru_RU","og_type":"article","og_title":"\u0412\u0435\u0442\u0440\u043e\u0432\u044b\u0435 \u0442\u0443\u0440\u0431\u0438\u043d\u044b - Dahlgera","og_description":"UAB \"Dahlgera\" veikla: didmenin\u0117 - ma\u017emenin\u0117 prekyba santechnine \u012franga: \u0161ildymui, v\u0117dinimui, vandentiekiui, nuotekoms ir vonios kambariui \u012frengti.","og_url":"https:\/\/www.dahlgera.lt\/ru\/katalog\/ventilyatsionnyie-sistemyi\/vetrovyie-turbinyi\/","og_site_name":"DAHL \/\/ DAHLGERA, UAB","article_publisher":"https:\/\/www.facebook.com\/Dahlgera-UAB-1027784953993289\/?fref=ts","article_modified_time":"2015-08-05T07:36:29+00:00","og_image":[{"url":"http:\/\/www.dahlgera.lt\/wp-content\/uploads\/Rotating-chimney-300x300.jpg","type":"","width":"","height":""}],"twitter_card":"summary_large_image","schema":{"@context":"https:\/\/schema.org","@graph":[{"@type":"WebPage","@id":"https:\/\/www.dahlgera.lt\/ru\/katalog\/ventilyatsionnyie-sistemyi\/vetrovyie-turbinyi\/","url":"https:\/\/www.dahlgera.lt\/ru\/katalog\/ventilyatsionnyie-sistemyi\/vetrovyie-turbinyi\/","name":"\u0412\u0435\u0442\u0440\u043e\u0432\u044b\u0435 \u0442\u0443\u0440\u0431\u0438\u043d\u044b - Dahlgera","isPartOf":{"@id":"https:\/\/www.dahlgera.lt\/#website"},"primaryImageOfPage":{"@id":"https:\/\/www.dahlgera.lt\/ru\/katalog\/ventilyatsionnyie-sistemyi\/vetrovyie-turbinyi\/#primaryimage"},"image":{"@id":"https:\/\/www.dahlgera.lt\/ru\/katalog\/ventilyatsionnyie-sistemyi\/vetrovyie-turbinyi\/#primaryimage"},"thumbnailUrl":"http:\/\/www.dahlgera.lt\/wp-content\/uploads\/Rotating-chimney-300x300.jpg","datePublished":"2015-08-04T13:12:08+00:00","dateModified":"2015-08-05T07:36:29+00:00","description":"UAB \"Dahlgera\" veikla: didmenin\u0117 - ma\u017emenin\u0117 prekyba santechnine \u012franga: \u0161ildymui, v\u0117dinimui, vandentiekiui, nuotekoms ir vonios kambariui \u012frengti.","breadcrumb":{"@id":"https:\/\/www.dahlgera.lt\/ru\/katalog\/ventilyatsionnyie-sistemyi\/vetrovyie-turbinyi\/#breadcrumb"},"inLanguage":"ru-RU","potentialAction":[{"@type":"ReadAction","target":["https:\/\/www.dahlgera.lt\/ru\/katalog\/ventilyatsionnyie-sistemyi\/vetrovyie-turbinyi\/"]}]},{"@type":"ImageObject","inLanguage":"ru-RU","@id":"https:\/\/www.dahlgera.lt\/ru\/katalog\/ventilyatsionnyie-sistemyi\/vetrovyie-turbinyi\/#primaryimage","url":"http:\/\/www.dahlgera.lt\/wp-content\/uploads\/Rotating-chimney-300x300.jpg","contentUrl":"http:\/\/www.dahlgera.lt\/wp-content\/uploads\/Rotating-chimney-300x300.jpg"},{"@type":"BreadcrumbList","@id":"https:\/\/www.dahlgera.lt\/ru\/katalog\/ventilyatsionnyie-sistemyi\/vetrovyie-turbinyi\/#breadcrumb","itemListElement":[{"@type":"ListItem","position":1,"name":"Home","item":"https:\/\/www.dahlgera.lt\/ru\/"},{"@type":"ListItem","position":2,"name":"\u041a\u0430\u0442\u0430\u043b\u043e\u0433","item":"https:\/\/www.dahlgera.lt\/ru\/katalog\/"},{"@type":"ListItem","position":3,"name":"\u0412\u0435\u043d\u0442\u0438\u043b\u044f\u0446\u0438\u043e\u043d\u043d\u044b\u0435 \u0441\u0438\u0441\u0442\u0435\u043c\u044b","item":"https:\/\/www.dahlgera.lt\/ru\/katalog\/ventilyatsionnyie-sistemyi\/"},{"@type":"ListItem","position":4,"name":"\u0412\u0435\u0442\u0440\u043e\u0432\u044b\u0435 \u0442\u0443\u0440\u0431\u0438\u043d\u044b"}]},{"@type":"WebSite","@id":"https:\/\/www.dahlgera.lt\/#website","url":"https:\/\/www.dahlgera.lt\/","name":"DAHL \/\/ DAHLGERA, UAB","description":"Visi santechniniai sprendimai!","potentialAction":[{"@type":"SearchAction","target":{"@type":"EntryPoint","urlTemplate":"https:\/\/www.dahlgera.lt\/?s={search_term_string}"},"query-input":{"@type":"PropertyValueSpecification","valueRequired":true,"valueName":"search_term_string"}}],"inLanguage":"ru-RU"}]}},"publishpress_future_action":{"enabled":false,"date":"2026-05-24 04:41:38","action":"change-status","newStatus":"draft","terms":[],"taxonomy":"translation_priority","extraData":[]},"publishpress_future_workflow_manual_trigger":{"enabledWorkflows":[]},"_links":{"self":[{"href":"https:\/\/www.dahlgera.lt\/ru\/wp-json\/wp\/v2\/pages\/5270","targetHints":{"allow":["GET"]}}],"collection":[{"href":"https:\/\/www.dahlgera.lt\/ru\/wp-json\/wp\/v2\/pages"}],"about":[{"href":"https:\/\/www.dahlgera.lt\/ru\/wp-json\/wp\/v2\/types\/page"}],"author":[{"embeddable":true,"href":"https:\/\/www.dahlgera.lt\/ru\/wp-json\/wp\/v2\/users\/6"}],"replies":[{"embeddable":true,"href":"https:\/\/www.dahlgera.lt\/ru\/wp-json\/wp\/v2\/comments?post=5270"}],"version-history":[{"count":2,"href":"https:\/\/www.dahlgera.lt\/ru\/wp-json\/wp\/v2\/pages\/5270\/revisions"}],"predecessor-version":[{"id":5281,"href":"https:\/\/www.dahlgera.lt\/ru\/wp-json\/wp\/v2\/pages\/5270\/revisions\/5281"}],"up":[{"embeddable":true,"href":"https:\/\/www.dahlgera.lt\/ru\/wp-json\/wp\/v2\/pages\/630"}],"wp:attachment":[{"href":"https:\/\/www.dahlgera.lt\/ru\/wp-json\/wp\/v2\/media?parent=5270"}],"curies":[{"name":"wp","href":"https:\/\/api.w.org\/{rel}","templated":true}]}}