{"id":669,"date":"2012-02-08T08:02:42","date_gmt":"2012-02-08T08:02:42","guid":{"rendered":"http:\/\/www.dahlgera.lt\/?page_id=669"},"modified":"2015-03-04T10:05:01","modified_gmt":"2015-03-04T08:05:01","slug":"hl-trapyi-obratnyie-klapanyi-sifonyi","status":"publish","type":"page","link":"https:\/\/www.dahlgera.lt\/ru\/byitovyie-stochnyie-vodyi\/hl-trapyi-obratnyie-klapanyi-sifonyi\/","title":{"rendered":"HL \u0442\u0440\u0430\u043f\u044b, \u043e\u0431\u0440\u0430\u0442\u043d\u044b\u0435 \u043a\u043b\u0430\u043f\u0430\u043d\u044b, \u0441\u0438\u0444\u043e\u043d\u044b &#8230;."},"content":{"rendered":"<div><span style=\"font-family: Arial; font-size: small;\">\u041e\u0431\u043e\u0440\u0443\u0434\u043e\u0432\u0430\u043d\u0438\u0435 \u0434\u043b\u044f \u043a\u0430\u043d\u0430\u043b\u0438\u0437\u0430\u0446\u0438\u0438 \u0438\u00a0\u0432\u0435\u043d\u0442\u0438\u043b\u044f\u0446\u0438\u0438\u00a0\u043a\u043e\u0442\u043e\u0440\u043e\u0435 \u0432\u044b\u043f\u0443\u0441\u043a\u0430\u0435\u0442 \u0444\u0438\u0440\u043c\u0430 HL, \u043c\u043e\u0436\u043d\u043e\u00a0\u0440\u0430\u0437\u0434\u0435\u043b\u0438\u0442\u044c \u043d\u0430 \u0441\u043b\u0435\u0434\u0443\u044e\u0449\u0438\u0435 \u0433\u0440\u0443\u043f\u043f\u044b: <\/span><\/div>\n<div><span style=\"font-family: Arial; font-size: small;\">\u2022 \u041a\u0440\u043e\u0432\u0435\u043b\u044c\u043d\u044b\u0435 \u0432\u043e\u0440\u043e\u043d\u043a\u0438 \u0434\u043b\u044f \u0432\u043d\u0443\u0442\u0440\u0435\u043d\u043d\u0438\u0445 \u043b\u0438\u0432\u043d\u0435\u0441\u0442\u043e\u043a\u043e\u0432; <\/span><\/div>\n<div><span style=\"font-family: Arial; font-size: small;\">\u2022 \u0422\u0440\u0430\u043f\u044b: \u0434\u043b\u044f \u0431\u0430\u043b\u043a\u043e\u043d\u043e\u0432 \u0438 \u0442\u0435\u0440\u0440\u0430\u0441, \u0434\u043b\u044f \u0432\u043d\u0443\u0442\u0440\u0435\u043d\u043d\u0438\u0445 \u043f\u043e\u043c\u0435\u0449\u0435\u043d\u0438\u0439, \u0434\u043b\u044f \u043f\u043e\u0434\u0432\u0430\u043b\u043e\u0432 \u0438 \u043f\u043e\u043b\u0443\u043f\u043e\u0434\u0432\u0430\u043b\u043e\u0432, \u0434\u043b\u044f \u0433\u0430\u0440\u0430\u0436\u0435\u0439, \u0434\u043b\u044f \u043d\u0430\u0440\u0443\u0436\u043d\u044b\u0445 \u043b\u0438\u0432\u043d\u0435\u0441\u0442\u043e\u043a\u043e\u0432, \u0434\u0432\u043e\u0440\u043e\u0432\u044b\u0435 \u0442\u0440\u0430\u043f\u044b; <\/span><\/div>\n<div><span style=\"font-family: Arial; font-size: small;\">\u2022 \u041a\u0430\u043d\u0430\u043b\u0438\u0437\u0430\u0446\u0438\u043e\u043d\u043d\u044b\u0435 \u0437\u0430\u0442\u0432\u043e\u0440\u044b, \u043c\u0435\u0445\u0430\u043d\u0438\u0447\u0435\u0441\u043a\u0438\u0435 \u0438 \u0441 \u044d\u043b\u0435\u043a\u0442\u0440\u043e\u043f\u0440\u0438\u0432\u043e\u0434\u043e\u043c; <\/span><\/div>\n<div><span style=\"font-family: Arial; font-size: small;\">\u2022 \u0421\u043f\u0435\u0446\u0438\u0430\u043b\u044c\u043d\u043e\u0435 \u043a\u0430\u043d\u0430\u043b\u0438\u0437\u0430\u0446\u0438\u043e\u043d\u043d\u043e\u0435 \u043e\u0431\u043e\u0440\u0443\u0434\u043e\u0432\u0430\u043d\u0438\u0435; <\/span><\/div>\n<div><span style=\"font-family: Arial; font-size: small;\">\u2022 \u0421\u0438\u0444\u043e\u043d\u044b \u0438 \u043e\u0442\u0432\u043e\u0434\u044b: \u0434\u043b\u044f \u0440\u0430\u043a\u043e\u0432\u0438\u043d \u0438 \u0443\u043c\u044b\u0432\u0430\u043b\u044c\u043d\u0438\u043a\u043e\u0432, \u0434\u043b\u044f \u0432\u0430\u043d\u043d \u0438 \u0434\u0443\u0448\u0435\u0432\u044b\u0445 \u043f\u043e\u0434\u0434\u043e\u043d\u043e\u0432, \u0434\u043b\u044f \u043f\u043e\u0441\u0443\u0434\u043e\u043c\u043e\u0435\u0447\u043d\u044b\u0445 \u0438 \u0441\u0442\u0438\u0440\u0430\u043b\u044c\u043d\u044b\u0445 \u043c\u0430\u0448\u0438\u043d, \u0434\u043b\u044f \u043f\u0438\u0441\u0441\u0443\u0430\u0440\u043e\u0432, \u0431\u0438\u0434\u0435 \u0438 \u0443\u043d\u0438\u0442\u0430\u0437\u043e\u0432. <\/span><\/div>\n","protected":false},"excerpt":{"rendered":"<p>\u041e\u0431\u043e\u0440\u0443\u0434\u043e\u0432\u0430\u043d\u0438\u0435 \u0434\u043b\u044f \u043a\u0430\u043d\u0430\u043b\u0438\u0437\u0430\u0446\u0438\u0438 \u0438\u00a0\u0432\u0435\u043d\u0442\u0438\u043b\u044f\u0446\u0438\u0438\u00a0\u043a\u043e\u0442\u043e\u0440\u043e\u0435 \u0432\u044b\u043f\u0443\u0441\u043a\u0430\u0435\u0442 \u0444\u0438\u0440\u043c\u0430 HL, \u043c\u043e\u0436\u043d\u043e\u00a0\u0440\u0430\u0437\u0434\u0435\u043b\u0438\u0442\u044c \u043d\u0430 \u0441\u043b\u0435\u0434\u0443\u044e\u0449\u0438\u0435 \u0433\u0440\u0443\u043f\u043f\u044b: \u2022 \u041a\u0440\u043e\u0432\u0435\u043b\u044c\u043d\u044b\u0435 \u0432\u043e\u0440\u043e\u043d\u043a\u0438 \u0434\u043b\u044f \u0432\u043d\u0443\u0442\u0440\u0435\u043d\u043d\u0438\u0445 \u043b\u0438\u0432\u043d\u0435\u0441\u0442\u043e\u043a\u043e\u0432; \u2022 \u0422\u0440\u0430\u043f\u044b: \u0434\u043b\u044f \u0431\u0430\u043b\u043a\u043e\u043d\u043e\u0432 \u0438 \u0442\u0435\u0440\u0440\u0430\u0441, \u0434\u043b\u044f \u0432\u043d\u0443\u0442\u0440\u0435\u043d\u043d\u0438\u0445 \u043f\u043e\u043c\u0435\u0449\u0435\u043d\u0438\u0439, \u0434\u043b\u044f \u043f\u043e\u0434\u0432\u0430\u043b\u043e\u0432 \u0438 \u043f\u043e\u043b\u0443\u043f\u043e\u0434\u0432\u0430\u043b\u043e\u0432, \u0434\u043b\u044f \u0433\u0430\u0440\u0430\u0436\u0435\u0439, \u0434\u043b\u044f \u043d\u0430\u0440\u0443\u0436\u043d\u044b\u0445 \u043b\u0438\u0432\u043d\u0435\u0441\u0442\u043e\u043a\u043e\u0432, <a class=\"read-more\" href=\"https:\/\/www.dahlgera.lt\/ru\/byitovyie-stochnyie-vodyi\/hl-trapyi-obratnyie-klapanyi-sifonyi\/\">pla\u010diau&#8230;<\/a><\/p>\n","protected":false},"author":2,"featured_media":0,"parent":661,"menu_order":4,"comment_status":"open","ping_status":"open","template":"","meta":{"_acf_changed":false,"footnotes":""},"class_list":["post-669","page","type-page","status-publish","hentry"],"acf":[],"yoast_head":"<!-- This site is optimized with the Yoast SEO plugin v27.6 - https:\/\/yoast.com\/product\/yoast-seo-wordpress\/ -->\n<title>HL \u0442\u0440\u0430\u043f\u044b, \u043e\u0431\u0440\u0430\u0442\u043d\u044b\u0435 \u043a\u043b\u0430\u043f\u0430\u043d\u044b, \u0441\u0438\u0444\u043e\u043d\u044b .... - Dahlgera<\/title>\n<meta name=\"description\" content=\"UAB &quot;Dahlgera&quot; veikla: didmenin\u0117 - ma\u017emenin\u0117 prekyba santechnine \u012franga: \u0161ildymui, v\u0117dinimui, vandentiekiui, nuotekoms ir vonios kambariui \u012frengti.\" \/>\n<meta name=\"robots\" content=\"index, follow, max-snippet:-1, max-image-preview:large, max-video-preview:-1\" \/>\n<link rel=\"canonical\" href=\"https:\/\/www.dahlgera.lt\/ru\/byitovyie-stochnyie-vodyi\/hl-trapyi-obratnyie-klapanyi-sifonyi\/\" \/>\n<meta property=\"og:locale\" content=\"ru_RU\" \/>\n<meta property=\"og:type\" content=\"article\" \/>\n<meta property=\"og:title\" content=\"HL \u0442\u0440\u0430\u043f\u044b, \u043e\u0431\u0440\u0430\u0442\u043d\u044b\u0435 \u043a\u043b\u0430\u043f\u0430\u043d\u044b, \u0441\u0438\u0444\u043e\u043d\u044b .... - Dahlgera\" \/>\n<meta property=\"og:description\" content=\"UAB &quot;Dahlgera&quot; veikla: didmenin\u0117 - ma\u017emenin\u0117 prekyba santechnine \u012franga: \u0161ildymui, v\u0117dinimui, vandentiekiui, nuotekoms ir vonios kambariui \u012frengti.\" \/>\n<meta property=\"og:url\" content=\"https:\/\/www.dahlgera.lt\/ru\/byitovyie-stochnyie-vodyi\/hl-trapyi-obratnyie-klapanyi-sifonyi\/\" \/>\n<meta property=\"og:site_name\" content=\"DAHL \/\/ DAHLGERA, UAB\" \/>\n<meta property=\"article:publisher\" content=\"https:\/\/www.facebook.com\/Dahlgera-UAB-1027784953993289\/?fref=ts\" \/>\n<meta property=\"article:modified_time\" content=\"2015-03-04T08:05:01+00:00\" \/>\n<meta property=\"og:image\" content=\"https:\/\/www.dahlgera.lt\/wp-content\/uploads\/2014\/05\/namukas.png\" \/>\n\t<meta property=\"og:image:width\" content=\"643\" \/>\n\t<meta property=\"og:image:height\" content=\"514\" \/>\n\t<meta property=\"og:image:type\" content=\"image\/png\" \/>\n<meta name=\"twitter:card\" content=\"summary_large_image\" \/>\n<script type=\"application\/ld+json\" class=\"yoast-schema-graph\">{\"@context\":\"https:\\\/\\\/schema.org\",\"@graph\":[{\"@type\":\"WebPage\",\"@id\":\"https:\\\/\\\/www.dahlgera.lt\\\/ru\\\/byitovyie-stochnyie-vodyi\\\/hl-trapyi-obratnyie-klapanyi-sifonyi\\\/\",\"url\":\"https:\\\/\\\/www.dahlgera.lt\\\/ru\\\/byitovyie-stochnyie-vodyi\\\/hl-trapyi-obratnyie-klapanyi-sifonyi\\\/\",\"name\":\"HL \u0442\u0440\u0430\u043f\u044b, \u043e\u0431\u0440\u0430\u0442\u043d\u044b\u0435 \u043a\u043b\u0430\u043f\u0430\u043d\u044b, \u0441\u0438\u0444\u043e\u043d\u044b .... - Dahlgera\",\"isPartOf\":{\"@id\":\"https:\\\/\\\/www.dahlgera.lt\\\/#website\"},\"datePublished\":\"2012-02-08T08:02:42+00:00\",\"dateModified\":\"2015-03-04T08:05:01+00:00\",\"description\":\"UAB \\\"Dahlgera\\\" veikla: didmenin\u0117 - ma\u017emenin\u0117 prekyba santechnine \u012franga: \u0161ildymui, v\u0117dinimui, vandentiekiui, nuotekoms ir vonios kambariui \u012frengti.\",\"breadcrumb\":{\"@id\":\"https:\\\/\\\/www.dahlgera.lt\\\/ru\\\/byitovyie-stochnyie-vodyi\\\/hl-trapyi-obratnyie-klapanyi-sifonyi\\\/#breadcrumb\"},\"inLanguage\":\"ru-RU\",\"potentialAction\":[{\"@type\":\"ReadAction\",\"target\":[\"https:\\\/\\\/www.dahlgera.lt\\\/ru\\\/byitovyie-stochnyie-vodyi\\\/hl-trapyi-obratnyie-klapanyi-sifonyi\\\/\"]}]},{\"@type\":\"BreadcrumbList\",\"@id\":\"https:\\\/\\\/www.dahlgera.lt\\\/ru\\\/byitovyie-stochnyie-vodyi\\\/hl-trapyi-obratnyie-klapanyi-sifonyi\\\/#breadcrumb\",\"itemListElement\":[{\"@type\":\"ListItem\",\"position\":1,\"name\":\"Home\",\"item\":\"https:\\\/\\\/www.dahlgera.lt\\\/ru\\\/\"},{\"@type\":\"ListItem\",\"position\":2,\"name\":\"\u0411\u044b\u0442\u043e\u0432\u044b\u0435 \u0441\u0442\u043e\u0447\u043d\u044b\u0435 \u0432\u043e\u0434\u044b\",\"item\":\"https:\\\/\\\/www.dahlgera.lt\\\/ru\\\/byitovyie-stochnyie-vodyi\\\/\"},{\"@type\":\"ListItem\",\"position\":3,\"name\":\"HL \u0442\u0440\u0430\u043f\u044b, \u043e\u0431\u0440\u0430\u0442\u043d\u044b\u0435 \u043a\u043b\u0430\u043f\u0430\u043d\u044b, \u0441\u0438\u0444\u043e\u043d\u044b &#8230;.\"}]},{\"@type\":\"WebSite\",\"@id\":\"https:\\\/\\\/www.dahlgera.lt\\\/#website\",\"url\":\"https:\\\/\\\/www.dahlgera.lt\\\/\",\"name\":\"DAHL \\\/\\\/ DAHLGERA, UAB\",\"description\":\"Visi santechniniai sprendimai!\",\"potentialAction\":[{\"@type\":\"SearchAction\",\"target\":{\"@type\":\"EntryPoint\",\"urlTemplate\":\"https:\\\/\\\/www.dahlgera.lt\\\/?s={search_term_string}\"},\"query-input\":{\"@type\":\"PropertyValueSpecification\",\"valueRequired\":true,\"valueName\":\"search_term_string\"}}],\"inLanguage\":\"ru-RU\"}]}<\/script>\n<!-- \/ Yoast SEO plugin. -->","yoast_head_json":{"title":"HL \u0442\u0440\u0430\u043f\u044b, \u043e\u0431\u0440\u0430\u0442\u043d\u044b\u0435 \u043a\u043b\u0430\u043f\u0430\u043d\u044b, \u0441\u0438\u0444\u043e\u043d\u044b .... - Dahlgera","description":"UAB \"Dahlgera\" veikla: didmenin\u0117 - ma\u017emenin\u0117 prekyba santechnine \u012franga: \u0161ildymui, v\u0117dinimui, vandentiekiui, nuotekoms ir vonios kambariui \u012frengti.","robots":{"index":"index","follow":"follow","max-snippet":"max-snippet:-1","max-image-preview":"max-image-preview:large","max-video-preview":"max-video-preview:-1"},"canonical":"https:\/\/www.dahlgera.lt\/ru\/byitovyie-stochnyie-vodyi\/hl-trapyi-obratnyie-klapanyi-sifonyi\/","og_locale":"ru_RU","og_type":"article","og_title":"HL \u0442\u0440\u0430\u043f\u044b, \u043e\u0431\u0440\u0430\u0442\u043d\u044b\u0435 \u043a\u043b\u0430\u043f\u0430\u043d\u044b, \u0441\u0438\u0444\u043e\u043d\u044b .... - Dahlgera","og_description":"UAB \"Dahlgera\" veikla: didmenin\u0117 - ma\u017emenin\u0117 prekyba santechnine \u012franga: \u0161ildymui, v\u0117dinimui, vandentiekiui, nuotekoms ir vonios kambariui \u012frengti.","og_url":"https:\/\/www.dahlgera.lt\/ru\/byitovyie-stochnyie-vodyi\/hl-trapyi-obratnyie-klapanyi-sifonyi\/","og_site_name":"DAHL \/\/ DAHLGERA, UAB","article_publisher":"https:\/\/www.facebook.com\/Dahlgera-UAB-1027784953993289\/?fref=ts","article_modified_time":"2015-03-04T08:05:01+00:00","og_image":[{"width":643,"height":514,"url":"https:\/\/www.dahlgera.lt\/wp-content\/uploads\/2014\/05\/namukas.png","type":"image\/png"}],"twitter_card":"summary_large_image","schema":{"@context":"https:\/\/schema.org","@graph":[{"@type":"WebPage","@id":"https:\/\/www.dahlgera.lt\/ru\/byitovyie-stochnyie-vodyi\/hl-trapyi-obratnyie-klapanyi-sifonyi\/","url":"https:\/\/www.dahlgera.lt\/ru\/byitovyie-stochnyie-vodyi\/hl-trapyi-obratnyie-klapanyi-sifonyi\/","name":"HL \u0442\u0440\u0430\u043f\u044b, \u043e\u0431\u0440\u0430\u0442\u043d\u044b\u0435 \u043a\u043b\u0430\u043f\u0430\u043d\u044b, \u0441\u0438\u0444\u043e\u043d\u044b .... - Dahlgera","isPartOf":{"@id":"https:\/\/www.dahlgera.lt\/#website"},"datePublished":"2012-02-08T08:02:42+00:00","dateModified":"2015-03-04T08:05:01+00:00","description":"UAB \"Dahlgera\" veikla: didmenin\u0117 - ma\u017emenin\u0117 prekyba santechnine \u012franga: \u0161ildymui, v\u0117dinimui, vandentiekiui, nuotekoms ir vonios kambariui \u012frengti.","breadcrumb":{"@id":"https:\/\/www.dahlgera.lt\/ru\/byitovyie-stochnyie-vodyi\/hl-trapyi-obratnyie-klapanyi-sifonyi\/#breadcrumb"},"inLanguage":"ru-RU","potentialAction":[{"@type":"ReadAction","target":["https:\/\/www.dahlgera.lt\/ru\/byitovyie-stochnyie-vodyi\/hl-trapyi-obratnyie-klapanyi-sifonyi\/"]}]},{"@type":"BreadcrumbList","@id":"https:\/\/www.dahlgera.lt\/ru\/byitovyie-stochnyie-vodyi\/hl-trapyi-obratnyie-klapanyi-sifonyi\/#breadcrumb","itemListElement":[{"@type":"ListItem","position":1,"name":"Home","item":"https:\/\/www.dahlgera.lt\/ru\/"},{"@type":"ListItem","position":2,"name":"\u0411\u044b\u0442\u043e\u0432\u044b\u0435 \u0441\u0442\u043e\u0447\u043d\u044b\u0435 \u0432\u043e\u0434\u044b","item":"https:\/\/www.dahlgera.lt\/ru\/byitovyie-stochnyie-vodyi\/"},{"@type":"ListItem","position":3,"name":"HL \u0442\u0440\u0430\u043f\u044b, \u043e\u0431\u0440\u0430\u0442\u043d\u044b\u0435 \u043a\u043b\u0430\u043f\u0430\u043d\u044b, \u0441\u0438\u0444\u043e\u043d\u044b &#8230;."}]},{"@type":"WebSite","@id":"https:\/\/www.dahlgera.lt\/#website","url":"https:\/\/www.dahlgera.lt\/","name":"DAHL \/\/ DAHLGERA, UAB","description":"Visi santechniniai sprendimai!","potentialAction":[{"@type":"SearchAction","target":{"@type":"EntryPoint","urlTemplate":"https:\/\/www.dahlgera.lt\/?s={search_term_string}"},"query-input":{"@type":"PropertyValueSpecification","valueRequired":true,"valueName":"search_term_string"}}],"inLanguage":"ru-RU"}]}},"publishpress_future_action":{"enabled":false,"date":"2026-05-24 06:30:34","action":"change-status","newStatus":"draft","terms":[],"taxonomy":"translation_priority","extraData":[]},"publishpress_future_workflow_manual_trigger":{"enabledWorkflows":[]},"_links":{"self":[{"href":"https:\/\/www.dahlgera.lt\/ru\/wp-json\/wp\/v2\/pages\/669","targetHints":{"allow":["GET"]}}],"collection":[{"href":"https:\/\/www.dahlgera.lt\/ru\/wp-json\/wp\/v2\/pages"}],"about":[{"href":"https:\/\/www.dahlgera.lt\/ru\/wp-json\/wp\/v2\/types\/page"}],"author":[{"embeddable":true,"href":"https:\/\/www.dahlgera.lt\/ru\/wp-json\/wp\/v2\/users\/2"}],"replies":[{"embeddable":true,"href":"https:\/\/www.dahlgera.lt\/ru\/wp-json\/wp\/v2\/comments?post=669"}],"version-history":[{"count":8,"href":"https:\/\/www.dahlgera.lt\/ru\/wp-json\/wp\/v2\/pages\/669\/revisions"}],"predecessor-version":[{"id":4661,"href":"https:\/\/www.dahlgera.lt\/ru\/wp-json\/wp\/v2\/pages\/669\/revisions\/4661"}],"up":[{"embeddable":true,"href":"https:\/\/www.dahlgera.lt\/ru\/wp-json\/wp\/v2\/pages\/661"}],"wp:attachment":[{"href":"https:\/\/www.dahlgera.lt\/ru\/wp-json\/wp\/v2\/media?parent=669"}],"curies":[{"name":"wp","href":"https:\/\/api.w.org\/{rel}","templated":true}]}}