{"id":734,"date":"2012-02-08T08:42:47","date_gmt":"2012-02-08T08:42:47","guid":{"rendered":"http:\/\/www.dahlgera.lt\/?page_id=734"},"modified":"2014-08-09T10:31:08","modified_gmt":"2014-08-09T08:31:08","slug":"smesiteli-hansgrohe","status":"publish","type":"page","link":"https:\/\/www.dahlgera.lt\/ru\/smesiteli-hansgrohe\/","title":{"rendered":"\u0421\u043c\u0435\u0441\u0438\u0442\u0435\u043b\u0438 HANSGROHE"},"content":{"rendered":"","protected":false},"excerpt":{"rendered":"","protected":false},"author":2,"featured_media":0,"parent":0,"menu_order":1,"comment_status":"open","ping_status":"open","template":"","meta":{"_acf_changed":false,"footnotes":""},"class_list":["post-734","page","type-page","status-publish","hentry"],"acf":[],"yoast_head":"<!-- This site is optimized with the Yoast SEO plugin v27.3 - https:\/\/yoast.com\/product\/yoast-seo-wordpress\/ -->\n<title>\u0421\u043c\u0435\u0441\u0438\u0442\u0435\u043b\u0438 HANSGROHE - Dahlgera<\/title>\n<meta name=\"description\" content=\"UAB &quot;Dahlgera&quot; veikla: didmenin\u0117 - ma\u017emenin\u0117 prekyba santechnine \u012franga: \u0161ildymui, v\u0117dinimui, vandentiekiui, nuotekoms ir vonios kambariui \u012frengti.\" \/>\n<meta name=\"robots\" content=\"index, follow, max-snippet:-1, max-image-preview:large, max-video-preview:-1\" \/>\n<link rel=\"canonical\" href=\"https:\/\/www.dahlgera.lt\/ru\/smesiteli-hansgrohe\/\" \/>\n<meta property=\"og:locale\" content=\"ru_RU\" \/>\n<meta property=\"og:type\" content=\"article\" \/>\n<meta property=\"og:title\" content=\"\u0421\u043c\u0435\u0441\u0438\u0442\u0435\u043b\u0438 HANSGROHE - Dahlgera\" \/>\n<meta property=\"og:description\" content=\"UAB &quot;Dahlgera&quot; veikla: didmenin\u0117 - ma\u017emenin\u0117 prekyba santechnine \u012franga: \u0161ildymui, v\u0117dinimui, vandentiekiui, nuotekoms ir vonios kambariui \u012frengti.\" \/>\n<meta property=\"og:url\" content=\"https:\/\/www.dahlgera.lt\/ru\/smesiteli-hansgrohe\/\" \/>\n<meta property=\"og:site_name\" content=\"DAHL \/\/ DAHLGERA, UAB\" \/>\n<meta property=\"article:publisher\" content=\"https:\/\/www.facebook.com\/Dahlgera-UAB-1027784953993289\/?fref=ts\" \/>\n<meta property=\"article:modified_time\" content=\"2014-08-09T08:31:08+00:00\" \/>\n<meta property=\"og:image\" content=\"https:\/\/www.dahlgera.lt\/wp-content\/uploads\/2014\/05\/namukas.png\" \/>\n\t<meta property=\"og:image:width\" content=\"643\" \/>\n\t<meta property=\"og:image:height\" content=\"514\" \/>\n\t<meta property=\"og:image:type\" content=\"image\/png\" \/>\n<meta name=\"twitter:card\" content=\"summary_large_image\" \/>\n<script type=\"application\/ld+json\" class=\"yoast-schema-graph\">{\"@context\":\"https:\\\/\\\/schema.org\",\"@graph\":[{\"@type\":\"WebPage\",\"@id\":\"https:\\\/\\\/www.dahlgera.lt\\\/ru\\\/smesiteli-hansgrohe\\\/\",\"url\":\"https:\\\/\\\/www.dahlgera.lt\\\/ru\\\/smesiteli-hansgrohe\\\/\",\"name\":\"\u0421\u043c\u0435\u0441\u0438\u0442\u0435\u043b\u0438 HANSGROHE - Dahlgera\",\"isPartOf\":{\"@id\":\"https:\\\/\\\/www.dahlgera.lt\\\/#website\"},\"datePublished\":\"2012-02-08T08:42:47+00:00\",\"dateModified\":\"2014-08-09T08:31:08+00:00\",\"description\":\"UAB \\\"Dahlgera\\\" veikla: didmenin\u0117 - ma\u017emenin\u0117 prekyba santechnine \u012franga: \u0161ildymui, v\u0117dinimui, vandentiekiui, nuotekoms ir vonios kambariui \u012frengti.\",\"breadcrumb\":{\"@id\":\"https:\\\/\\\/www.dahlgera.lt\\\/ru\\\/smesiteli-hansgrohe\\\/#breadcrumb\"},\"inLanguage\":\"ru-RU\",\"potentialAction\":[{\"@type\":\"ReadAction\",\"target\":[\"https:\\\/\\\/www.dahlgera.lt\\\/ru\\\/smesiteli-hansgrohe\\\/\"]}]},{\"@type\":\"BreadcrumbList\",\"@id\":\"https:\\\/\\\/www.dahlgera.lt\\\/ru\\\/smesiteli-hansgrohe\\\/#breadcrumb\",\"itemListElement\":[{\"@type\":\"ListItem\",\"position\":1,\"name\":\"Home\",\"item\":\"https:\\\/\\\/www.dahlgera.lt\\\/ru\\\/\"},{\"@type\":\"ListItem\",\"position\":2,\"name\":\"\u0421\u043c\u0435\u0441\u0438\u0442\u0435\u043b\u0438 HANSGROHE\"}]},{\"@type\":\"WebSite\",\"@id\":\"https:\\\/\\\/www.dahlgera.lt\\\/#website\",\"url\":\"https:\\\/\\\/www.dahlgera.lt\\\/\",\"name\":\"DAHL \\\/\\\/ DAHLGERA, UAB\",\"description\":\"Visi santechniniai sprendimai!\",\"potentialAction\":[{\"@type\":\"SearchAction\",\"target\":{\"@type\":\"EntryPoint\",\"urlTemplate\":\"https:\\\/\\\/www.dahlgera.lt\\\/?s={search_term_string}\"},\"query-input\":{\"@type\":\"PropertyValueSpecification\",\"valueRequired\":true,\"valueName\":\"search_term_string\"}}],\"inLanguage\":\"ru-RU\"}]}<\/script>\n<!-- \/ Yoast SEO plugin. -->","yoast_head_json":{"title":"\u0421\u043c\u0435\u0441\u0438\u0442\u0435\u043b\u0438 HANSGROHE - Dahlgera","description":"UAB \"Dahlgera\" veikla: didmenin\u0117 - ma\u017emenin\u0117 prekyba santechnine \u012franga: \u0161ildymui, v\u0117dinimui, vandentiekiui, nuotekoms ir vonios kambariui \u012frengti.","robots":{"index":"index","follow":"follow","max-snippet":"max-snippet:-1","max-image-preview":"max-image-preview:large","max-video-preview":"max-video-preview:-1"},"canonical":"https:\/\/www.dahlgera.lt\/ru\/smesiteli-hansgrohe\/","og_locale":"ru_RU","og_type":"article","og_title":"\u0421\u043c\u0435\u0441\u0438\u0442\u0435\u043b\u0438 HANSGROHE - Dahlgera","og_description":"UAB \"Dahlgera\" veikla: didmenin\u0117 - ma\u017emenin\u0117 prekyba santechnine \u012franga: \u0161ildymui, v\u0117dinimui, vandentiekiui, nuotekoms ir vonios kambariui \u012frengti.","og_url":"https:\/\/www.dahlgera.lt\/ru\/smesiteli-hansgrohe\/","og_site_name":"DAHL \/\/ DAHLGERA, UAB","article_publisher":"https:\/\/www.facebook.com\/Dahlgera-UAB-1027784953993289\/?fref=ts","article_modified_time":"2014-08-09T08:31:08+00:00","og_image":[{"width":643,"height":514,"url":"https:\/\/www.dahlgera.lt\/wp-content\/uploads\/2014\/05\/namukas.png","type":"image\/png"}],"twitter_card":"summary_large_image","schema":{"@context":"https:\/\/schema.org","@graph":[{"@type":"WebPage","@id":"https:\/\/www.dahlgera.lt\/ru\/smesiteli-hansgrohe\/","url":"https:\/\/www.dahlgera.lt\/ru\/smesiteli-hansgrohe\/","name":"\u0421\u043c\u0435\u0441\u0438\u0442\u0435\u043b\u0438 HANSGROHE - Dahlgera","isPartOf":{"@id":"https:\/\/www.dahlgera.lt\/#website"},"datePublished":"2012-02-08T08:42:47+00:00","dateModified":"2014-08-09T08:31:08+00:00","description":"UAB \"Dahlgera\" veikla: didmenin\u0117 - ma\u017emenin\u0117 prekyba santechnine \u012franga: \u0161ildymui, v\u0117dinimui, vandentiekiui, nuotekoms ir vonios kambariui \u012frengti.","breadcrumb":{"@id":"https:\/\/www.dahlgera.lt\/ru\/smesiteli-hansgrohe\/#breadcrumb"},"inLanguage":"ru-RU","potentialAction":[{"@type":"ReadAction","target":["https:\/\/www.dahlgera.lt\/ru\/smesiteli-hansgrohe\/"]}]},{"@type":"BreadcrumbList","@id":"https:\/\/www.dahlgera.lt\/ru\/smesiteli-hansgrohe\/#breadcrumb","itemListElement":[{"@type":"ListItem","position":1,"name":"Home","item":"https:\/\/www.dahlgera.lt\/ru\/"},{"@type":"ListItem","position":2,"name":"\u0421\u043c\u0435\u0441\u0438\u0442\u0435\u043b\u0438 HANSGROHE"}]},{"@type":"WebSite","@id":"https:\/\/www.dahlgera.lt\/#website","url":"https:\/\/www.dahlgera.lt\/","name":"DAHL \/\/ DAHLGERA, UAB","description":"Visi santechniniai sprendimai!","potentialAction":[{"@type":"SearchAction","target":{"@type":"EntryPoint","urlTemplate":"https:\/\/www.dahlgera.lt\/?s={search_term_string}"},"query-input":{"@type":"PropertyValueSpecification","valueRequired":true,"valueName":"search_term_string"}}],"inLanguage":"ru-RU"}]}},"publishpress_future_action":{"enabled":false,"date":"2026-04-12 21:35:40","action":"change-status","newStatus":"draft","terms":[],"taxonomy":"translation_priority","extraData":[]},"publishpress_future_workflow_manual_trigger":{"enabledWorkflows":[]},"_links":{"self":[{"href":"https:\/\/www.dahlgera.lt\/ru\/wp-json\/wp\/v2\/pages\/734","targetHints":{"allow":["GET"]}}],"collection":[{"href":"https:\/\/www.dahlgera.lt\/ru\/wp-json\/wp\/v2\/pages"}],"about":[{"href":"https:\/\/www.dahlgera.lt\/ru\/wp-json\/wp\/v2\/types\/page"}],"author":[{"embeddable":true,"href":"https:\/\/www.dahlgera.lt\/ru\/wp-json\/wp\/v2\/users\/2"}],"replies":[{"embeddable":true,"href":"https:\/\/www.dahlgera.lt\/ru\/wp-json\/wp\/v2\/comments?post=734"}],"version-history":[{"count":3,"href":"https:\/\/www.dahlgera.lt\/ru\/wp-json\/wp\/v2\/pages\/734\/revisions"}],"predecessor-version":[{"id":2013,"href":"https:\/\/www.dahlgera.lt\/ru\/wp-json\/wp\/v2\/pages\/734\/revisions\/2013"}],"wp:attachment":[{"href":"https:\/\/www.dahlgera.lt\/ru\/wp-json\/wp\/v2\/media?parent=734"}],"curies":[{"name":"wp","href":"https:\/\/api.w.org\/{rel}","templated":true}]}}